{"id":6891,"date":"2019-09-13T09:12:15","date_gmt":"2019-09-13T09:12:15","guid":{"rendered":"https:\/\/www.morando.it\/media\/"},"modified":"2021-09-29T08:38:59","modified_gmt":"2021-09-29T08:38:59","slug":"media","status":"publish","type":"page","link":"https:\/\/www.morando.it\/es\/media\/","title":{"rendered":"Media"},"content":{"rendered":"<p>[et_pb_section fb_built=\u00bb1&#8243; custom_padding_last_edited=\u00bbon|desktop\u00bb _builder_version=\u00bb4.0.7&#8243; background_image=\u00bbhttps:\/\/www.morando.it\/wp-content\/uploads\/2019\/09\/sfondoMedia_04.jpg\u00bb background_position=\u00bbcenter_right\u00bb custom_padding=\u00bb||||false|false\u00bb custom_padding_tablet=\u00bb160px||0px||false|false\u00bb custom_padding_phone=\u00bb160px||0px||false|false\u00bb background_last_edited=\u00bbon|tablet\u00bb background_image_tablet=\u00bbhttps:\/\/www.morando.it\/wp-content\/uploads\/2019\/12\/sfondoMedia_mobile.jpg\u00bb background_enable_image_tablet=\u00bbon\u00bb background_position_tablet=\u00bbtop_center\u00bb global_colors_info=\u00bb{}\u00bb][et_pb_row column_structure=\u00bb1_2,1_2&#8243; custom_padding_last_edited=\u00bbon|phone\u00bb _builder_version=\u00bb4.0.7&#8243; custom_padding_tablet=\u00bb\u00bb custom_padding_phone=\u00bb||0px||false|false\u00bb global_colors_info=\u00bb{}\u00bb][et_pb_column type=\u00bb1_2&#8243; _builder_version=\u00bb3.27.4&#8243; global_colors_info=\u00bb{}\u00bb][et_pb_text _builder_version=\u00bb4.4.8&#8243; text_text_color_tablet=\u00bb#ffffff\u00bb text_text_color_phone=\u00bb#ffffff\u00bb text_text_color_last_edited=\u00bbon|phone\u00bb header_text_color_tablet=\u00bb#ffffff\u00bb header_text_color_phone=\u00bb#ffffff\u00bb header_text_color_last_edited=\u00bbon|phone\u00bb global_colors_info=\u00bb{}\u00bb]<\/p>\n<h1>Medios<\/h1>\n<p>Descubre las campa\u00f1as publicitarias realizadas a lo largo de los a\u00f1os por Morando para dar a conocer sus productos.<\/p>\n<p>[\/et_pb_text][\/et_pb_column][et_pb_column type=\u00bb1_2&#8243; _builder_version=\u00bb3.27.4&#8243; global_colors_info=\u00bb{}\u00bb][\/et_pb_column][\/et_pb_row][et_pb_row column_structure=\u00bb1_5,1_5,1_5,1_5,1_5&#8243; use_custom_gutter=\u00bbon\u00bb gutter_width=\u00bb1&#8243; custom_padding_last_edited=\u00bbon|phone\u00bb _builder_version=\u00bb4.0.7&#8243; custom_padding_tablet=\u00bb\u00bb custom_padding_phone=\u00bb0px||||false|false\u00bb global_colors_info=\u00bb{}\u00bb][et_pb_column type=\u00bb1_5&#8243; _builder_version=\u00bb3.27.4&#8243; global_colors_info=\u00bb{}\u00bb][et_pb_button button_url=\u00bb#tv\u00bb button_text=\u00bbCAMPA\u00d1AS DE TV\u00bb button_alignment=\u00bbcenter\u00bb admin_label=\u00bbTV CAMPAIGNS\u00bb _builder_version=\u00bb4.4.8&#8243; custom_margin_tablet=\u00bb||15px||false|false\u00bb custom_margin_phone=\u00bb\u00bb custom_margin_last_edited=\u00bbon|tablet\u00bb custom_css_main_element=\u00bbwidth:90%;||text-align:center;\u00bb global_colors_info=\u00bb{}\u00bb][\/et_pb_button][\/et_pb_column][et_pb_column type=\u00bb1_5&#8243; _builder_version=\u00bb3.27.4&#8243; global_colors_info=\u00bb{}\u00bb][et_pb_button button_url=\u00bb#stampa\u00bb button_text=\u00bbCAMPA\u00d1AS DE PRENSA\u00bb button_alignment=\u00bbcenter\u00bb admin_label=\u00bbPRINT CAMPAIGNS\u00bb _builder_version=\u00bb4.4.8&#8243; custom_margin_tablet=\u00bb||15px||false|false\u00bb custom_margin_phone=\u00bb\u00bb custom_margin_last_edited=\u00bbon|tablet\u00bb custom_css_main_element=\u00bbwidth:90%;||text-align:center;\u00bb global_colors_info=\u00bb{}\u00bb][\/et_pb_button][\/et_pb_column][et_pb_column type=\u00bb1_5&#8243; _builder_version=\u00bb3.27.4&#8243; global_colors_info=\u00bb{}\u00bb][et_pb_button button_url=\u00bb#radio\u00bb button_text=\u00bbCAMPA\u00d1AS DE RADIO\u00bb button_alignment=\u00bbcenter\u00bb admin_label=\u00bbRADIO CAMPAIGNS\u00bb _builder_version=\u00bb4.4.8&#8243; custom_margin_tablet=\u00bb||15px||false|false\u00bb custom_margin_phone=\u00bb\u00bb custom_margin_last_edited=\u00bbon|tablet\u00bb custom_css_main_element=\u00bbwidth:90%;||text-align:center;\u00bb global_colors_info=\u00bb{}\u00bb][\/et_pb_button][\/et_pb_column][et_pb_column type=\u00bb1_5&#8243; _builder_version=\u00bb3.27.4&#8243; global_colors_info=\u00bb{}\u00bb][et_pb_button button_url=\u00bb#digital\u00bb button_text=\u00bbCAMPA\u00d1AS DIGITALES\u00bb button_alignment=\u00bbcenter\u00bb admin_label=\u00bbDIGITAL CAMPAIGNS\u00bb _builder_version=\u00bb4.4.8&#8243; custom_css_main_element=\u00bbwidth:90%;||text-align:center;\u00bb global_colors_info=\u00bb{}\u00bb][\/et_pb_button][\/et_pb_column][et_pb_column type=\u00bb1_5&#8243; _builder_version=\u00bb3.27.4&#8243; global_colors_info=\u00bb{}\u00bb][\/et_pb_column][\/et_pb_row][\/et_pb_section][et_pb_section fb_built=\u00bb1&#8243; admin_label=\u00bbSezione Campagne TV\u00bb module_id=\u00bbtv\u00bb _builder_version=\u00bb3.29.3&#8243; background_color=\u00bb#e8e8e8&#8243; global_colors_info=\u00bb{}\u00bb][et_pb_row _builder_version=\u00bb3.27.4&#8243; global_colors_info=\u00bb{}\u00bb][et_pb_column type=\u00bb4_4&#8243; _builder_version=\u00bb3.27.4&#8243; global_colors_info=\u00bb{}\u00bb][et_pb_text _builder_version=\u00bb4.4.8&#8243; global_colors_info=\u00bb{}\u00bb]<\/p>\n<h2>Nuestras campa\u00f1as de TV<\/h2>\n<p>[\/et_pb_text][et_pb_blog fullwidth=\u00bboff\u00bb include_categories=\u00bb34&#8243; show_author=\u00bboff\u00bb show_date=\u00bboff\u00bb show_categories=\u00bboff\u00bb _builder_version=\u00bb3.27.4&#8243; header_font_size=\u00bb16px\u00bb global_colors_info=\u00bb{}\u00bb][\/et_pb_blog][\/et_pb_column][\/et_pb_row][\/et_pb_section][et_pb_section fb_built=\u00bb1&#8243; admin_label=\u00bbSezione Campagne Stampa\u00bb module_id=\u00bbstampa\u00bb _builder_version=\u00bb3.27.4&#8243; background_color=\u00bb#ffffff\u00bb global_colors_info=\u00bb{}\u00bb][et_pb_row _builder_version=\u00bb3.27.4&#8243; global_colors_info=\u00bb{}\u00bb][et_pb_column type=\u00bb4_4&#8243; _builder_version=\u00bb3.27.4&#8243; global_colors_info=\u00bb{}\u00bb][et_pb_text _builder_version=\u00bb4.4.8&#8243; global_colors_info=\u00bb{}\u00bb]<\/p>\n<h2>Nuestras campa\u00f1as de prensa<\/h2>\n<p>[\/et_pb_text][et_pb_gallery gallery_ids=\u00bb18215,18214,18213,18212,18211,18210,10517,3722,3717,3718,3719,3370,3413,3416,3419,3424,3427,3430,3433,3436,3494,3489,3488,3487,3485,3486,3502,3501,3500,3499,3498,3496,3497,3495,3503,3504,3505,3506,3507&#8243; posts_number=\u00bb100&#8243; orientation=\u00bbportrait\u00bb show_pagination=\u00bboff\u00bb zoom_icon_color=\u00bb#ae1036&#8243; _builder_version=\u00bb4.10.8&#8243; global_colors_info=\u00bb{}\u00bb locked=\u00bboff\u00bb][\/et_pb_gallery][\/et_pb_column][\/et_pb_row][\/et_pb_section][et_pb_section fb_built=\u00bb1&#8243; admin_label=\u00bbSezione Campagne Radio\u00bb module_id=\u00bbradio\u00bb _builder_version=\u00bb4.0.6&#8243; background_color=\u00bb#f4f4f4&#8243; global_colors_info=\u00bb{}\u00bb][et_pb_row _builder_version=\u00bb3.27.4&#8243; global_colors_info=\u00bb{}\u00bb][et_pb_column type=\u00bb4_4&#8243; _builder_version=\u00bb3.27.4&#8243; global_colors_info=\u00bb{}\u00bb][et_pb_text _builder_version=\u00bb4.4.8&#8243; global_colors_info=\u00bb{}\u00bb]<\/p>\n<h2>Nuestras campa\u00f1as de radio<\/h2>\n<p>[\/et_pb_text][et_pb_blog fullwidth=\u00bboff\u00bb include_categories=\u00bb38&#8243; show_author=\u00bboff\u00bb show_date=\u00bboff\u00bb show_categories=\u00bboff\u00bb _builder_version=\u00bb4.0.6&#8243; header_font_size=\u00bb16px\u00bb global_colors_info=\u00bb{}\u00bb][\/et_pb_blog][\/et_pb_column][\/et_pb_row][\/et_pb_section][et_pb_section fb_built=\u00bb1&#8243; admin_label=\u00bbSezione Campagne Digital\u00bb module_id=\u00bbdigital\u00bb _builder_version=\u00bb4.0.6&#8243; global_colors_info=\u00bb{}\u00bb][et_pb_row _builder_version=\u00bb3.27.4&#8243; global_colors_info=\u00bb{}\u00bb][et_pb_column type=\u00bb4_4&#8243; _builder_version=\u00bb3.27.4&#8243; global_colors_info=\u00bb{}\u00bb][et_pb_text _builder_version=\u00bb4.4.8&#8243; global_colors_info=\u00bb{}\u00bb]<\/p>\n<h2>Nuestras campa\u00f1as digitales<\/h2>\n<p>[\/et_pb_text][et_pb_blog fullwidth=\u00bboff\u00bb include_categories=\u00bb32&#8243; show_author=\u00bboff\u00bb show_date=\u00bboff\u00bb show_categories=\u00bboff\u00bb _builder_version=\u00bb3.27.4&#8243; header_font_size=\u00bb16px\u00bb global_colors_info=\u00bb{}\u00bb][\/et_pb_blog][\/et_pb_column][\/et_pb_row][\/et_pb_section]<\/p>\n","protected":false},"excerpt":{"rendered":"<p>Medios Descubre las campa\u00f1as publicitarias realizadas a lo largo de los a\u00f1os por Morando para dar a conocer sus productos.Nuestras campa\u00f1as de TVNuestras campa\u00f1as de prensaNuestras campa\u00f1as de radioNuestras campa\u00f1as digitales<\/p>\n","protected":false},"author":2,"featured_media":0,"parent":0,"menu_order":110,"comment_status":"closed","ping_status":"closed","template":"","meta":{"_acf_changed":false,"_et_pb_use_builder":"on","_et_pb_old_content":"","_et_gb_content_width":"","footnotes":""},"class_list":["post-6891","page","type-page","status-publish","hentry"],"acf":[],"yoast_head":"<!-- This site is optimized with the Yoast SEO plugin v27.4 - https:\/\/yoast.com\/product\/yoast-seo-wordpress\/ -->\n<title>Media - Morando<\/title>\n<meta name=\"robots\" content=\"index, follow, max-snippet:-1, max-image-preview:large, max-video-preview:-1\" \/>\n<link rel=\"canonical\" href=\"https:\/\/www.morando.it\/es\/media\/\" \/>\n<meta property=\"og:locale\" content=\"es_ES\" \/>\n<meta property=\"og:type\" content=\"article\" \/>\n<meta property=\"og:title\" content=\"Media - Morando\" \/>\n<meta property=\"og:description\" content=\"Medios Descubre las campa\u00f1as publicitarias realizadas a lo largo de los a\u00f1os por Morando para dar a conocer sus productos.Nuestras campa\u00f1as de TVNuestras campa\u00f1as de prensaNuestras campa\u00f1as de radioNuestras campa\u00f1as digitales\" \/>\n<meta property=\"og:url\" content=\"https:\/\/www.morando.it\/es\/media\/\" \/>\n<meta property=\"og:site_name\" content=\"Morando\" \/>\n<meta property=\"article:publisher\" content=\"https:\/\/www.facebook.com\/morandopetfood\" \/>\n<meta property=\"article:modified_time\" content=\"2021-09-29T08:38:59+00:00\" \/>\n<meta property=\"og:image\" content=\"https:\/\/www.morando.it\/wp-content\/uploads\/2019\/12\/00-home.jpg\" \/>\n\t<meta property=\"og:image:width\" content=\"1200\" \/>\n\t<meta property=\"og:image:height\" content=\"630\" \/>\n\t<meta property=\"og:image:type\" content=\"image\/jpeg\" \/>\n<meta name=\"twitter:card\" content=\"summary_large_image\" \/>\n<meta name=\"twitter:label1\" content=\"Tiempo de lectura\" \/>\n\t<meta name=\"twitter:data1\" content=\"4 minutos\" \/>\n<script type=\"application\/ld+json\" class=\"yoast-schema-graph\">{\"@context\":\"https:\\\/\\\/schema.org\",\"@graph\":[{\"@type\":\"WebPage\",\"@id\":\"https:\\\/\\\/www.morando.it\\\/es\\\/media\\\/\",\"url\":\"https:\\\/\\\/www.morando.it\\\/es\\\/media\\\/\",\"name\":\"Media - Morando\",\"isPartOf\":{\"@id\":\"https:\\\/\\\/www.morando.it\\\/#website\"},\"datePublished\":\"2019-09-13T09:12:15+00:00\",\"dateModified\":\"2021-09-29T08:38:59+00:00\",\"breadcrumb\":{\"@id\":\"https:\\\/\\\/www.morando.it\\\/es\\\/media\\\/#breadcrumb\"},\"inLanguage\":\"es\",\"potentialAction\":[{\"@type\":\"ReadAction\",\"target\":[\"https:\\\/\\\/www.morando.it\\\/es\\\/media\\\/\"]}]},{\"@type\":\"BreadcrumbList\",\"@id\":\"https:\\\/\\\/www.morando.it\\\/es\\\/media\\\/#breadcrumb\",\"itemListElement\":[{\"@type\":\"ListItem\",\"position\":1,\"name\":\"Home\",\"item\":\"https:\\\/\\\/www.morando.it\\\/es\\\/\"},{\"@type\":\"ListItem\",\"position\":2,\"name\":\"Media\"}]},{\"@type\":\"WebSite\",\"@id\":\"https:\\\/\\\/www.morando.it\\\/#website\",\"url\":\"https:\\\/\\\/www.morando.it\\\/\",\"name\":\"Morando\",\"description\":\"La storia del pet food in Italia\",\"publisher\":{\"@id\":\"https:\\\/\\\/www.morando.it\\\/#organization\"},\"potentialAction\":[{\"@type\":\"SearchAction\",\"target\":{\"@type\":\"EntryPoint\",\"urlTemplate\":\"https:\\\/\\\/www.morando.it\\\/?s={search_term_string}\"},\"query-input\":{\"@type\":\"PropertyValueSpecification\",\"valueRequired\":true,\"valueName\":\"search_term_string\"}}],\"inLanguage\":\"es\"},{\"@type\":\"Organization\",\"@id\":\"https:\\\/\\\/www.morando.it\\\/#organization\",\"name\":\"MORANDO\",\"url\":\"https:\\\/\\\/www.morando.it\\\/\",\"logo\":{\"@type\":\"ImageObject\",\"inLanguage\":\"es\",\"@id\":\"https:\\\/\\\/www.morando.it\\\/#\\\/schema\\\/logo\\\/image\\\/\",\"url\":\"https:\\\/\\\/www.morando.it\\\/wp-content\\\/uploads\\\/2018\\\/04\\\/logoMorando.png\",\"contentUrl\":\"https:\\\/\\\/www.morando.it\\\/wp-content\\\/uploads\\\/2018\\\/04\\\/logoMorando.png\",\"width\":290,\"height\":88,\"caption\":\"MORANDO\"},\"image\":{\"@id\":\"https:\\\/\\\/www.morando.it\\\/#\\\/schema\\\/logo\\\/image\\\/\"},\"sameAs\":[\"https:\\\/\\\/www.facebook.com\\\/morandopetfood\",\"https:\\\/\\\/www.youtube.com\\\/user\\\/morandotv\"]}]}<\/script>\n<!-- \/ Yoast SEO plugin. -->","yoast_head_json":{"title":"Media - Morando","robots":{"index":"index","follow":"follow","max-snippet":"max-snippet:-1","max-image-preview":"max-image-preview:large","max-video-preview":"max-video-preview:-1"},"canonical":"https:\/\/www.morando.it\/es\/media\/","og_locale":"es_ES","og_type":"article","og_title":"Media - Morando","og_description":"Medios Descubre las campa\u00f1as publicitarias realizadas a lo largo de los a\u00f1os por Morando para dar a conocer sus productos.Nuestras campa\u00f1as de TVNuestras campa\u00f1as de prensaNuestras campa\u00f1as de radioNuestras campa\u00f1as digitales","og_url":"https:\/\/www.morando.it\/es\/media\/","og_site_name":"Morando","article_publisher":"https:\/\/www.facebook.com\/morandopetfood","article_modified_time":"2021-09-29T08:38:59+00:00","og_image":[{"width":1200,"height":630,"url":"https:\/\/www.morando.it\/wp-content\/uploads\/2019\/12\/00-home.jpg","type":"image\/jpeg"}],"twitter_card":"summary_large_image","twitter_misc":{"Tiempo de lectura":"4 minutos"},"schema":{"@context":"https:\/\/schema.org","@graph":[{"@type":"WebPage","@id":"https:\/\/www.morando.it\/es\/media\/","url":"https:\/\/www.morando.it\/es\/media\/","name":"Media - Morando","isPartOf":{"@id":"https:\/\/www.morando.it\/#website"},"datePublished":"2019-09-13T09:12:15+00:00","dateModified":"2021-09-29T08:38:59+00:00","breadcrumb":{"@id":"https:\/\/www.morando.it\/es\/media\/#breadcrumb"},"inLanguage":"es","potentialAction":[{"@type":"ReadAction","target":["https:\/\/www.morando.it\/es\/media\/"]}]},{"@type":"BreadcrumbList","@id":"https:\/\/www.morando.it\/es\/media\/#breadcrumb","itemListElement":[{"@type":"ListItem","position":1,"name":"Home","item":"https:\/\/www.morando.it\/es\/"},{"@type":"ListItem","position":2,"name":"Media"}]},{"@type":"WebSite","@id":"https:\/\/www.morando.it\/#website","url":"https:\/\/www.morando.it\/","name":"Morando","description":"La storia del pet food in Italia","publisher":{"@id":"https:\/\/www.morando.it\/#organization"},"potentialAction":[{"@type":"SearchAction","target":{"@type":"EntryPoint","urlTemplate":"https:\/\/www.morando.it\/?s={search_term_string}"},"query-input":{"@type":"PropertyValueSpecification","valueRequired":true,"valueName":"search_term_string"}}],"inLanguage":"es"},{"@type":"Organization","@id":"https:\/\/www.morando.it\/#organization","name":"MORANDO","url":"https:\/\/www.morando.it\/","logo":{"@type":"ImageObject","inLanguage":"es","@id":"https:\/\/www.morando.it\/#\/schema\/logo\/image\/","url":"https:\/\/www.morando.it\/wp-content\/uploads\/2018\/04\/logoMorando.png","contentUrl":"https:\/\/www.morando.it\/wp-content\/uploads\/2018\/04\/logoMorando.png","width":290,"height":88,"caption":"MORANDO"},"image":{"@id":"https:\/\/www.morando.it\/#\/schema\/logo\/image\/"},"sameAs":["https:\/\/www.facebook.com\/morandopetfood","https:\/\/www.youtube.com\/user\/morandotv"]}]}},"_links":{"self":[{"href":"https:\/\/www.morando.it\/es\/wp-json\/wp\/v2\/pages\/6891","targetHints":{"allow":["GET"]}}],"collection":[{"href":"https:\/\/www.morando.it\/es\/wp-json\/wp\/v2\/pages"}],"about":[{"href":"https:\/\/www.morando.it\/es\/wp-json\/wp\/v2\/types\/page"}],"author":[{"embeddable":true,"href":"https:\/\/www.morando.it\/es\/wp-json\/wp\/v2\/users\/2"}],"replies":[{"embeddable":true,"href":"https:\/\/www.morando.it\/es\/wp-json\/wp\/v2\/comments?post=6891"}],"version-history":[{"count":4,"href":"https:\/\/www.morando.it\/es\/wp-json\/wp\/v2\/pages\/6891\/revisions"}],"predecessor-version":[{"id":18371,"href":"https:\/\/www.morando.it\/es\/wp-json\/wp\/v2\/pages\/6891\/revisions\/18371"}],"wp:attachment":[{"href":"https:\/\/www.morando.it\/es\/wp-json\/wp\/v2\/media?parent=6891"}],"curies":[{"name":"wp","href":"https:\/\/api.w.org\/{rel}","templated":true}]}}