{"id":6899,"date":"2019-06-03T08:00:52","date_gmt":"2019-06-03T08:00:52","guid":{"rendered":"https:\/\/www.morando.it\/per-le-aziende\/"},"modified":"2020-06-16T13:40:09","modified_gmt":"2020-06-16T13:40:09","slug":"per-le-aziende","status":"publish","type":"page","link":"https:\/\/www.morando.it\/es\/per-le-aziende\/","title":{"rendered":"Per le aziende"},"content":{"rendered":"<p>[et_pb_section fb_built=\u00bb1&#8243; _builder_version=\u00bb3.22.3&#8243;][et_pb_row column_structure=\u00bb1_2,1_2&#8243; _builder_version=\u00bb3.27.4&#8243;][et_pb_column type=\u00bb1_2&#8243; _builder_version=\u00bb3.27.4&#8243;][et_pb_text admin_label=\u00bbStabilimenti\u00bb _builder_version=\u00bb4.4.8&#8243; z_index_tablet=\u00bb500&#8243;]<\/p>\n<h2>D\u00f3nde fabricamos<\/h2>\n<p>En las dos modernas plantas de producci\u00f3n de m\u00e1s de 90 000 m2 de Andezeno y Molfetta se encuentran las tecnolog\u00edas m\u00e1s avanzadas para un proceso de producci\u00f3n de vanguardia caracterizado por controles de calidad sistem\u00e1ticos en cada fase. Las grandes y continuas inversiones nos han llevado a ser protagonistas indiscutibles tanto en el mercado italiano como en el extranjero.<\/p>\n<p>[\/et_pb_text][\/et_pb_column][et_pb_column type=\u00bb1_2&#8243; _builder_version=\u00bb3.27.4&#8243;][et_pb_code _builder_version=\u00bb4.4.8&#8243; hover_enabled=\u00bb0&#8243;]<\/p>\n<table><!-- [et_pb_line_break_holder] -->  <\/p>\n<tr><!-- [et_pb_line_break_holder] -->  <\/p>\n<td>\n<h5>Andezeno production output<\/h5>\n<\/td>\n<p><!-- [et_pb_line_break_holder] -->  <\/p>\n<td>\n<h5>Molfetta production output<\/h5>\n<\/td>\n<p> <!-- [et_pb_line_break_holder] -->  <\/tr>\n<p><!-- [et_pb_line_break_holder] -->  <\/p>\n<tr><!-- [et_pb_line_break_holder] -->  <\/p>\n<td>Dry food: over 100,000 tons\/year <!-- [et_pb_line_break_holder] --><\/td>\n<p><!-- [et_pb_line_break_holder] -->  <\/p>\n<td>Wet food: over 140,000 tons\/year <!-- [et_pb_line_break_holder] --><\/td>\n<p> <!-- [et_pb_line_break_holder] -->  <\/tr>\n<p><!-- [et_pb_line_break_holder] -->  <\/p>\n<tr><!-- [et_pb_line_break_holder] -->  <\/p>\n<td><\/td>\n<p><!-- [et_pb_line_break_holder] -->  <\/p>\n<td>Tins: 250,000,000 tins\/year <!-- [et_pb_line_break_holder] --><\/td>\n<p><!-- [et_pb_line_break_holder] -->  <\/tr>\n<p><!-- [et_pb_line_break_holder] -->  <\/p>\n<tr><!-- [et_pb_line_break_holder] -->  <\/p>\n<td><\/td>\n<p><!-- [et_pb_line_break_holder] -->  <\/p>\n<td>Trays: 70,000,000 trays\/year <\/td>\n<p><!-- [et_pb_line_break_holder] -->  <\/tr>\n<p><!-- [et_pb_line_break_holder] -->  <\/p>\n<tr><!-- [et_pb_line_break_holder] -->  <\/p>\n<td><\/td>\n<p><!-- [et_pb_line_break_holder] -->  <\/p>\n<td>Pouches: 60,000,000 pouches\/year <!-- [et_pb_line_break_holder] --><\/td>\n<p><!-- [et_pb_line_break_holder] -->  <\/tr>\n<p><!-- [et_pb_line_break_holder] -->  <\/p>\n<tr><!-- [et_pb_line_break_holder] -->  <\/p>\n<td colspan=\"2\">\n<h5>Supply chain<\/h5>\n<\/td>\n<p><!-- [et_pb_line_break_holder] -->  <\/tr>\n<p><!-- [et_pb_line_break_holder] -->  <\/p>\n<tr><!-- [et_pb_line_break_holder] -->  <\/p>\n<td colspan=\"2\">5 plataformas de distribuci\u00f3n para cubrir todo el territorio nacional.<\/td>\n<p><!-- [et_pb_line_break_holder] -->  <\/tr>\n<p><!-- [et_pb_line_break_holder] --><\/table>\n<p><!-- [et_pb_line_break_holder] --><!-- [et_pb_line_break_holder] --><!-- [et_pb_line_break_holder] -->[\/et_pb_code][\/et_pb_column][\/et_pb_row][et_pb_row column_structure=\u00bb1_2,1_2&#8243; _builder_version=\u00bb3.27.4&#8243;][et_pb_column type=\u00bb1_2&#8243; _builder_version=\u00bb3.27.4&#8243;][et_pb_blurb title=\u00bbAndezeno (To)\u00bb image=\u00bbhttps:\/\/www.morando.it\/wp-content\/uploads\/2019\/10\/stabilimento_Andezeno-new.jpg\u00bb admin_label=\u00bbAndezeno\u00bb module_class=\u00bbblurbStabilimento\u00bb _builder_version=\u00bb4.4.8&#8243; animation=\u00bboff\u00bb z_index_tablet=\u00bb500&#8243;][\/et_pb_blurb][\/et_pb_column][et_pb_column type=\u00bb1_2&#8243; _builder_version=\u00bb3.27.4&#8243;][et_pb_blurb title=\u00bbMolfetta (Ba)\u00bb image=\u00bbhttps:\/\/www.morando.it\/wp-content\/uploads\/2019\/09\/stabilimento_Molfetta.jpg\u00bb admin_label=\u00bbMolfetta\u00bb module_class=\u00bbblurbStabilimento\u00bb _builder_version=\u00bb4.0.11&#8243; animation=\u00bboff\u00bb z_index_tablet=\u00bb500&#8243;][\/et_pb_blurb][\/et_pb_column][\/et_pb_row][\/et_pb_section][et_pb_section fb_built=\u00bb1&#8243; fullwidth=\u00bbon\u00bb disabled_on=\u00bbon|on|on\u00bb _builder_version=\u00bb3.27.4&#8243; disabled=\u00bbon\u00bb][et_pb_fullwidth_map address=\u00bb52100 Arezzo AR, Italia\u00bb zoom_level=\u00bb6&#8243; address_lat=\u00bb43.4632839&#8243; address_lng=\u00bb11.8796336&#8243; mouse_wheel=\u00bboff\u00bb mobile_dragging=\u00bboff\u00bb _builder_version=\u00bb3.27.4&#8243; child_filter_hue_rotate__hover_enabled=\u00bboff|desktop\u00bb][et_pb_map_pin title=\u00bbMolfetta\u00bb pin_address=\u00bb70056 Molfetta BA, Italia\u00bb pin_address_lat=\u00bb41.2027767&#8243; pin_address_lng=\u00bb16.5987187&#8243; _builder_version=\u00bb3.27.4&#8243;][\/et_pb_map_pin][et_pb_map_pin title=\u00bbAndezeno\u00bb pin_address=\u00bb10020 Andezeno TO, Italia\u00bb pin_address_lat=\u00bb45.0367203&#8243; pin_address_lng=\u00bb7.8673918&#8243; _builder_version=\u00bb3.27.4&#8243;][\/et_pb_map_pin][\/et_pb_fullwidth_map][\/et_pb_section][et_pb_section fb_built=\u00bb1&#8243; _builder_version=\u00bb3.22.3&#8243; background_color=\u00bb#d3d3d3&#8243; z_index_tablet=\u00bb500&#8243;][et_pb_row column_structure=\u00bb2_3,1_3&#8243; _builder_version=\u00bb3.25&#8243; background_size=\u00bbinitial\u00bb background_position=\u00bbtop_left\u00bb background_repeat=\u00bbrepeat\u00bb][et_pb_column type=\u00bb2_3&#8243; _builder_version=\u00bb3.25&#8243; custom_padding=\u00bb|||\u00bb custom_padding__hover=\u00bb|||\u00bb][et_pb_text admin_label=\u00bbLe nostre certificazioni\u00bb _builder_version=\u00bb4.4.8&#8243; hover_enabled=\u00bb0&#8243; z_index_tablet=\u00bb500&#8243;]<\/p>\n<h2 class=\"hr-after\">Nuestras certificaciones<\/h2>\n<p>Ambas plantas de producci\u00f3n de Morando est\u00e1n certificadas de acuerdo con est\u00e1ndares internacionales de calidad y seguridad alimentaria. En particular, ambas instalaciones poseen la certificaci\u00f3n IFS (International Food Standard) conseguida con el m\u00e1s alto nivel. Esta certificaci\u00f3n, destinada a calificar y seleccionar a los proveedores de alimentos, atestigua nuestro compromiso de ofrecer a los clientes y consumidores un producto seguro y de calidad con un alto nivel de servicio. Adem\u00e1s, Morando es una de las primeras empresas de Italia en obtener esta certificaci\u00f3n en alimentos para mascotas.[\/et_pb_text][\/et_pb_column][et_pb_column type=\u00bb1_3&#8243; _builder_version=\u00bb3.25&#8243; custom_padding=\u00bb|||\u00bb custom_padding__hover=\u00bb|||\u00bb][et_pb_image src=\u00bbhttps:\/\/www.morando.it\/wp-content\/uploads\/2019\/09\/IFS_logo_01.jpg\u00bb align_tablet=\u00bbcenter\u00bb align_phone=\u00bb\u00bb align_last_edited=\u00bbon|desktop\u00bb _builder_version=\u00bb3.27.4&#8243; z_index_tablet=\u00bb500&#8243;][\/et_pb_image][\/et_pb_column][\/et_pb_row][\/et_pb_section][et_pb_section fb_built=\u00bb1&#8243; _builder_version=\u00bb3.22.3&#8243;][et_pb_row column_structure=\u00bb1_2,1_2&#8243; _builder_version=\u00bb3.25&#8243; background_size=\u00bbinitial\u00bb background_position=\u00bbtop_left\u00bb background_repeat=\u00bbrepeat\u00bb][et_pb_column type=\u00bb1_2&#8243; _builder_version=\u00bb3.25&#8243; custom_padding=\u00bb|||\u00bb custom_padding__hover=\u00bb|||\u00bb][et_pb_image src=\u00bbhttps:\/\/www.morando.it\/wp-content\/uploads\/2019\/03\/private-label.jpg\u00bb align_tablet=\u00bbcenter\u00bb align_phone=\u00bb\u00bb align_last_edited=\u00bbon|desktop\u00bb _builder_version=\u00bb4.4.8&#8243; animation_style=\u00bbslide\u00bb animation_direction=\u00bbleft\u00bb animation_intensity_slide=\u00bb5%\u00bb z_index_tablet=\u00bb500&#8243;][\/et_pb_image][\/et_pb_column][et_pb_column type=\u00bb1_2&#8243; _builder_version=\u00bb3.25&#8243; custom_padding=\u00bb|||\u00bb custom_padding__hover=\u00bb|||\u00bb][et_pb_text admin_label=\u00bbPrivate Label\u00bb _builder_version=\u00bb4.4.8&#8243; hover_enabled=\u00bb0&#8243; z_index_tablet=\u00bb500&#8243;]<\/p>\n<h2>Marca blanca<\/h2>\n<p>Podemos desarrollar proyectos conjuntos para crear gamas completas de productos para la alimentaci\u00f3n de peque\u00f1os animales. Con los conocimientos de nuestro Departamento de Investigaci\u00f3n y Desarrollo podemos apoyar el dise\u00f1o de una l\u00ednea articulada seg\u00fan las necesidades del cliente utilizando recetas e ingredientes seleccionados y de alta calidad. Gracias a la experiencia, el avance tecnol\u00f3gico y la flexibilidad de nuestras dos unidades de producci\u00f3n, podemos producir alimentos con alta palatabilidad y el equilibrio perfecto para satisfacer las necesidades de los animales peque\u00f1os y con atractivo visual para sus due\u00f1os. La estrecha colaboraci\u00f3n con el equipo de ventas nos permite comprender en profundidad las necesidades del cliente, combinando el conocimiento de las tendencias de los distintos segmentos del mercado con el aprovechamiento de las potencialidades y capacidades de fabricaci\u00f3n de la empresa.<\/p>\n<p>Para m\u00e1s informaci\u00f3n: <a href=\"mailto:export@morando.it\">export@morando.it<\/a><\/p>\n<p>[\/et_pb_text][\/et_pb_column][\/et_pb_row][\/et_pb_section]<\/p>\n","protected":false},"excerpt":{"rendered":"<p>D\u00f3nde fabricamos En las dos modernas plantas de producci\u00f3n de m\u00e1s de 90 000 m2 de Andezeno y Molfetta se encuentran las tecnolog\u00edas m\u00e1s avanzadas para un proceso de producci\u00f3n de vanguardia caracterizado por controles de calidad sistem\u00e1ticos en cada fase. Las grandes y continuas inversiones nos han llevado a ser protagonistas indiscutibles tanto en [&hellip;]<\/p>\n","protected":false},"author":2,"featured_media":0,"parent":0,"menu_order":130,"comment_status":"closed","ping_status":"closed","template":"","meta":{"_acf_changed":false,"_et_pb_use_builder":"on","_et_pb_old_content":"","_et_gb_content_width":"","footnotes":""},"class_list":["post-6899","page","type-page","status-publish","hentry"],"acf":[],"yoast_head":"<!-- This site is optimized with the Yoast SEO plugin v27.4 - https:\/\/yoast.com\/product\/yoast-seo-wordpress\/ -->\n<title>Per le aziende - Morando<\/title>\n<meta name=\"robots\" content=\"index, follow, max-snippet:-1, max-image-preview:large, max-video-preview:-1\" \/>\n<link rel=\"canonical\" href=\"https:\/\/www.morando.it\/es\/per-le-aziende\/\" \/>\n<meta property=\"og:locale\" content=\"es_ES\" \/>\n<meta property=\"og:type\" content=\"article\" \/>\n<meta property=\"og:title\" content=\"Per le aziende - Morando\" \/>\n<meta property=\"og:description\" content=\"D\u00f3nde fabricamos En las dos modernas plantas de producci\u00f3n de m\u00e1s de 90 000 m2 de Andezeno y Molfetta se encuentran las tecnolog\u00edas m\u00e1s avanzadas para un proceso de producci\u00f3n de vanguardia caracterizado por controles de calidad sistem\u00e1ticos en cada fase. Las grandes y continuas inversiones nos han llevado a ser protagonistas indiscutibles tanto en [&hellip;]\" \/>\n<meta property=\"og:url\" content=\"https:\/\/www.morando.it\/es\/per-le-aziende\/\" \/>\n<meta property=\"og:site_name\" content=\"Morando\" \/>\n<meta property=\"article:publisher\" content=\"https:\/\/www.facebook.com\/morandopetfood\" \/>\n<meta property=\"article:modified_time\" content=\"2020-06-16T13:40:09+00:00\" \/>\n<meta property=\"og:image\" content=\"https:\/\/www.morando.it\/wp-content\/uploads\/2019\/12\/00-home.jpg\" \/>\n\t<meta property=\"og:image:width\" content=\"1200\" \/>\n\t<meta property=\"og:image:height\" content=\"630\" \/>\n\t<meta property=\"og:image:type\" content=\"image\/jpeg\" \/>\n<meta name=\"twitter:card\" content=\"summary_large_image\" \/>\n<meta name=\"twitter:label1\" content=\"Tiempo de lectura\" \/>\n\t<meta name=\"twitter:data1\" content=\"4 minutos\" \/>\n<script type=\"application\/ld+json\" class=\"yoast-schema-graph\">{\"@context\":\"https:\\\/\\\/schema.org\",\"@graph\":[{\"@type\":\"WebPage\",\"@id\":\"https:\\\/\\\/www.morando.it\\\/es\\\/per-le-aziende\\\/\",\"url\":\"https:\\\/\\\/www.morando.it\\\/es\\\/per-le-aziende\\\/\",\"name\":\"Per le aziende - Morando\",\"isPartOf\":{\"@id\":\"https:\\\/\\\/www.morando.it\\\/#website\"},\"datePublished\":\"2019-06-03T08:00:52+00:00\",\"dateModified\":\"2020-06-16T13:40:09+00:00\",\"breadcrumb\":{\"@id\":\"https:\\\/\\\/www.morando.it\\\/es\\\/per-le-aziende\\\/#breadcrumb\"},\"inLanguage\":\"es\",\"potentialAction\":[{\"@type\":\"ReadAction\",\"target\":[\"https:\\\/\\\/www.morando.it\\\/es\\\/per-le-aziende\\\/\"]}]},{\"@type\":\"BreadcrumbList\",\"@id\":\"https:\\\/\\\/www.morando.it\\\/es\\\/per-le-aziende\\\/#breadcrumb\",\"itemListElement\":[{\"@type\":\"ListItem\",\"position\":1,\"name\":\"Home\",\"item\":\"https:\\\/\\\/www.morando.it\\\/es\\\/\"},{\"@type\":\"ListItem\",\"position\":2,\"name\":\"Per le aziende\"}]},{\"@type\":\"WebSite\",\"@id\":\"https:\\\/\\\/www.morando.it\\\/#website\",\"url\":\"https:\\\/\\\/www.morando.it\\\/\",\"name\":\"Morando\",\"description\":\"La storia del pet food in Italia\",\"publisher\":{\"@id\":\"https:\\\/\\\/www.morando.it\\\/#organization\"},\"potentialAction\":[{\"@type\":\"SearchAction\",\"target\":{\"@type\":\"EntryPoint\",\"urlTemplate\":\"https:\\\/\\\/www.morando.it\\\/?s={search_term_string}\"},\"query-input\":{\"@type\":\"PropertyValueSpecification\",\"valueRequired\":true,\"valueName\":\"search_term_string\"}}],\"inLanguage\":\"es\"},{\"@type\":\"Organization\",\"@id\":\"https:\\\/\\\/www.morando.it\\\/#organization\",\"name\":\"MORANDO\",\"url\":\"https:\\\/\\\/www.morando.it\\\/\",\"logo\":{\"@type\":\"ImageObject\",\"inLanguage\":\"es\",\"@id\":\"https:\\\/\\\/www.morando.it\\\/#\\\/schema\\\/logo\\\/image\\\/\",\"url\":\"https:\\\/\\\/www.morando.it\\\/wp-content\\\/uploads\\\/2018\\\/04\\\/logoMorando.png\",\"contentUrl\":\"https:\\\/\\\/www.morando.it\\\/wp-content\\\/uploads\\\/2018\\\/04\\\/logoMorando.png\",\"width\":290,\"height\":88,\"caption\":\"MORANDO\"},\"image\":{\"@id\":\"https:\\\/\\\/www.morando.it\\\/#\\\/schema\\\/logo\\\/image\\\/\"},\"sameAs\":[\"https:\\\/\\\/www.facebook.com\\\/morandopetfood\",\"https:\\\/\\\/www.youtube.com\\\/user\\\/morandotv\"]}]}<\/script>\n<!-- \/ Yoast SEO plugin. -->","yoast_head_json":{"title":"Per le aziende - Morando","robots":{"index":"index","follow":"follow","max-snippet":"max-snippet:-1","max-image-preview":"max-image-preview:large","max-video-preview":"max-video-preview:-1"},"canonical":"https:\/\/www.morando.it\/es\/per-le-aziende\/","og_locale":"es_ES","og_type":"article","og_title":"Per le aziende - Morando","og_description":"D\u00f3nde fabricamos En las dos modernas plantas de producci\u00f3n de m\u00e1s de 90 000 m2 de Andezeno y Molfetta se encuentran las tecnolog\u00edas m\u00e1s avanzadas para un proceso de producci\u00f3n de vanguardia caracterizado por controles de calidad sistem\u00e1ticos en cada fase. Las grandes y continuas inversiones nos han llevado a ser protagonistas indiscutibles tanto en [&hellip;]","og_url":"https:\/\/www.morando.it\/es\/per-le-aziende\/","og_site_name":"Morando","article_publisher":"https:\/\/www.facebook.com\/morandopetfood","article_modified_time":"2020-06-16T13:40:09+00:00","og_image":[{"width":1200,"height":630,"url":"https:\/\/www.morando.it\/wp-content\/uploads\/2019\/12\/00-home.jpg","type":"image\/jpeg"}],"twitter_card":"summary_large_image","twitter_misc":{"Tiempo de lectura":"4 minutos"},"schema":{"@context":"https:\/\/schema.org","@graph":[{"@type":"WebPage","@id":"https:\/\/www.morando.it\/es\/per-le-aziende\/","url":"https:\/\/www.morando.it\/es\/per-le-aziende\/","name":"Per le aziende - Morando","isPartOf":{"@id":"https:\/\/www.morando.it\/#website"},"datePublished":"2019-06-03T08:00:52+00:00","dateModified":"2020-06-16T13:40:09+00:00","breadcrumb":{"@id":"https:\/\/www.morando.it\/es\/per-le-aziende\/#breadcrumb"},"inLanguage":"es","potentialAction":[{"@type":"ReadAction","target":["https:\/\/www.morando.it\/es\/per-le-aziende\/"]}]},{"@type":"BreadcrumbList","@id":"https:\/\/www.morando.it\/es\/per-le-aziende\/#breadcrumb","itemListElement":[{"@type":"ListItem","position":1,"name":"Home","item":"https:\/\/www.morando.it\/es\/"},{"@type":"ListItem","position":2,"name":"Per le aziende"}]},{"@type":"WebSite","@id":"https:\/\/www.morando.it\/#website","url":"https:\/\/www.morando.it\/","name":"Morando","description":"La storia del pet food in Italia","publisher":{"@id":"https:\/\/www.morando.it\/#organization"},"potentialAction":[{"@type":"SearchAction","target":{"@type":"EntryPoint","urlTemplate":"https:\/\/www.morando.it\/?s={search_term_string}"},"query-input":{"@type":"PropertyValueSpecification","valueRequired":true,"valueName":"search_term_string"}}],"inLanguage":"es"},{"@type":"Organization","@id":"https:\/\/www.morando.it\/#organization","name":"MORANDO","url":"https:\/\/www.morando.it\/","logo":{"@type":"ImageObject","inLanguage":"es","@id":"https:\/\/www.morando.it\/#\/schema\/logo\/image\/","url":"https:\/\/www.morando.it\/wp-content\/uploads\/2018\/04\/logoMorando.png","contentUrl":"https:\/\/www.morando.it\/wp-content\/uploads\/2018\/04\/logoMorando.png","width":290,"height":88,"caption":"MORANDO"},"image":{"@id":"https:\/\/www.morando.it\/#\/schema\/logo\/image\/"},"sameAs":["https:\/\/www.facebook.com\/morandopetfood","https:\/\/www.youtube.com\/user\/morandotv"]}]}},"_links":{"self":[{"href":"https:\/\/www.morando.it\/es\/wp-json\/wp\/v2\/pages\/6899","targetHints":{"allow":["GET"]}}],"collection":[{"href":"https:\/\/www.morando.it\/es\/wp-json\/wp\/v2\/pages"}],"about":[{"href":"https:\/\/www.morando.it\/es\/wp-json\/wp\/v2\/types\/page"}],"author":[{"embeddable":true,"href":"https:\/\/www.morando.it\/es\/wp-json\/wp\/v2\/users\/2"}],"replies":[{"embeddable":true,"href":"https:\/\/www.morando.it\/es\/wp-json\/wp\/v2\/comments?post=6899"}],"version-history":[{"count":1,"href":"https:\/\/www.morando.it\/es\/wp-json\/wp\/v2\/pages\/6899\/revisions"}],"predecessor-version":[{"id":6902,"href":"https:\/\/www.morando.it\/es\/wp-json\/wp\/v2\/pages\/6899\/revisions\/6902"}],"wp:attachment":[{"href":"https:\/\/www.morando.it\/es\/wp-json\/wp\/v2\/media?parent=6899"}],"curies":[{"name":"wp","href":"https:\/\/api.w.org\/{rel}","templated":true}]}}