{"id":6739,"date":"2019-11-19T12:36:39","date_gmt":"2019-11-19T12:36:39","guid":{"rendered":"https:\/\/www.morando.it\/linee-per-cavalli\/allevamento\/"},"modified":"2020-09-03T15:24:16","modified_gmt":"2020-09-03T15:24:16","slug":"allevamento","status":"publish","type":"page","link":"https:\/\/www.morando.it\/fr\/linee-per-cavalli\/allevamento\/","title":{"rendered":"Allevamento"},"content":{"rendered":"<p>[et_pb_section fb_built=\u00a0\u00bb1&Prime; admin_label=\u00a0\u00bbAllevamento\u00a0\u00bb module_class=\u00a0\u00bbsezioneLinee\u00a0\u00bb _builder_version=\u00a0\u00bb4.0.7&Prime; background_enable_color=\u00a0\u00bboff\u00a0\u00bb background_color_gradient_direction=\u00a0\u00bb90deg\u00a0\u00bb background_image=\u00a0\u00bbhttps:\/\/www.morando.it\/wp-content\/uploads\/2019\/11\/coverLineeCavallo_S_02.jpg\u00a0\u00bb custom_margin=\u00a0\u00bb0px||||false|false\u00a0\u00bb custom_padding=\u00a0\u00bb0px||0px||false|false\u00a0\u00bb background_last_edited=\u00a0\u00bbon|tablet\u00a0\u00bb background_image_tablet=\u00a0\u00bbhttps:\/\/www.morando.it\/wp-content\/uploads\/2019\/12\/coverLineeCavallo_S_02_mobile.jpg\u00a0\u00bb background_enable_image_tablet=\u00a0\u00bbon\u00a0\u00bb background_position_tablet=\u00a0\u00bbtop_center\u00a0\u00bb locked=\u00a0\u00bboff\u00a0\u00bb][et_pb_row column_structure=\u00a0\u00bb1_2,1_2&Prime; use_custom_gutter=\u00a0\u00bbon\u00a0\u00bb gutter_width=\u00a0\u00bb1&Prime; make_equal=\u00a0\u00bbon\u00a0\u00bb _builder_version=\u00a0\u00bb4.0.7&Prime; custom_padding=\u00a0\u00bb0px||0px||false|false\u00a0\u00bb locked=\u00a0\u00bboff\u00a0\u00bb][et_pb_column type=\u00a0\u00bb1_2&Prime; _builder_version=\u00a0\u00bb4.0.7&Prime; background_enable_color=\u00a0\u00bboff\u00a0\u00bb custom_padding=\u00a0\u00bb60px||30px||false|false\u00a0\u00bb custom_padding_tablet=\u00a0\u00bb180px||0px||false|false\u00a0\u00bb custom_padding_phone=\u00a0\u00bb\u00a0\u00bb custom_padding_last_edited=\u00a0\u00bbon|desktop\u00a0\u00bb][et_pb_image src=\u00a0\u00bbhttps:\/\/www.morando.it\/wp-content\/uploads\/2019\/11\/logoMorandoCavalli_bianco.svg\u00a0\u00bb admin_label=\u00a0\u00bbImmagine\u00a0\u00bb _builder_version=\u00a0\u00bb4.0.7&Prime; width=\u00a0\u00bb37%\u00a0\u00bb width_tablet=\u00a0\u00bb50%\u00a0\u00bb width_phone=\u00a0\u00bb50%\u00a0\u00bb width_last_edited=\u00a0\u00bbon|phone\u00a0\u00bb module_alignment=\u00a0\u00bbleft\u00a0\u00bb custom_margin_tablet=\u00a0\u00bb100px||||false|false\u00a0\u00bb custom_margin_last_edited=\u00a0\u00bboff|tablet\u00a0\u00bb module_alignment_tablet=\u00a0\u00bbcenter\u00a0\u00bb module_alignment_phone=\u00a0\u00bbcenter\u00a0\u00bb module_alignment_last_edited=\u00a0\u00bbon|desktop\u00a0\u00bb custom_margin__hover_enabled=\u00a0\u00bboff|desktop\u00a0\u00bb][\/et_pb_image][et_pb_text content_tablet=\u00a0\u00bb<\/p>\n<h3 style=%22text-align: center;%22>Allevamento<\/h3>\n<p style=%22text-align: center;%22>Gli alimenti della %22linea allevamento%22 di Morando sono studiati per soddisfare le esigenze della fattrice e del puledro dalla gestazione fino allo svezzamento completo e per tutto il periodo della crescita. Un giusto apporto nutrizionale per la fattrice nelle fasi della gravidanza e dell\u2019allattamento e la scelta di giusti alimenti nelle successive fasi di vita del puledro garantiscono la crescita di soggetti sani e vitali che svilupperanno uno scheletro robusto, arti perfetti e masse muscolari possenti ed armoniche.<\/p>\n<p>\u00a0\u00bb content_phone=\u00a0\u00bb<\/p>\n<h3 style=%22text-align: center;%22>Allevamento<\/h3>\n<p style=%22text-align: center;%22>Gli alimenti della %22linea allevamento%22 di Morando sono studiati per soddisfare le esigenze della fattrice e del puledro dalla gestazione fino allo svezzamento completo e per tutto il periodo della crescita. Un giusto apporto nutrizionale per la fattrice nelle fasi della gravidanza e dell\u2019allattamento e la scelta di giusti alimenti nelle successive fasi di vita del puledro garantiscono la crescita di soggetti sani e vitali che svilupperanno uno scheletro robusto, arti perfetti e masse muscolari possenti ed armoniche.<\/p>\n<p>\u00a0\u00bb content_last_edited=\u00a0\u00bbon|phone\u00a0\u00bb disabled_on=\u00a0\u00bbon|on|off\u00a0\u00bb _builder_version=\u00a0\u00bb4.6.0&Prime; text_text_color=\u00a0\u00bb#ffffff\u00a0\u00bb text_font_size=\u00a0\u00bb16px\u00a0\u00bb header_3_text_color=\u00a0\u00bb#ffffff\u00a0\u00bb width=\u00a0\u00bb92%\u00a0\u00bb custom_margin=\u00a0\u00bb20px||||false|false\u00a0\u00bb module_alignment_tablet=\u00a0\u00bbcenter\u00a0\u00bb module_alignment_phone=\u00a0\u00bbcenter\u00a0\u00bb module_alignment_last_edited=\u00a0\u00bbon|phone\u00a0\u00bb]<\/p>\n<h3>Ligne elevage<\/h3>\n<p>Les aliments de la \u00ab\u00a0lign\u00e9 elevage\u00a0\u00bb de Morando sont con\u00e7us pour r\u00e9pondre aux besoins de la jument et du poulain, de la gestation au sevrage complet et tout au long de la p\u00e9riode de croissance. Un apport nutritionnel correct pour la jument pendant la grossesse et l&rsquo;allaitement et le choix des bons aliments au cours des \u00e9tapes ult\u00e9rieures de la vie du poulain garantissent la croissance de sujets sains et vitaux qui d\u00e9velopperont un squelette robuste, des membres parfaits et des masses musculaires puissantes et harmonieuses.[\/et_pb_text][\/et_pb_column][et_pb_column type=\u00a0\u00bb1_2&Prime; _builder_version=\u00a0\u00bb4.0.7&Prime; background_color_gradient_direction=\u00a0\u00bb90deg\u00a0\u00bb][\/et_pb_column][\/et_pb_row][\/et_pb_section][et_pb_section fb_built=\u00a0\u00bb1&Prime; disabled_on=\u00a0\u00bboff|off|on\u00a0\u00bb admin_label=\u00a0\u00bbSezione solo mobile\u00a0\u00bb _builder_version=\u00a0\u00bb4.0.7&Prime; background_color=\u00a0\u00bb#2a1814&Prime; custom_margin=\u00a0\u00bb-100px||||false|false\u00a0\u00bb custom_padding=\u00a0\u00bb0px||25px||false|false\u00a0\u00bb locked=\u00a0\u00bboff\u00a0\u00bb][et_pb_row _builder_version=\u00a0\u00bb4.0.7&Prime; custom_padding=\u00a0\u00bb0px||0px||false|false\u00a0\u00bb][et_pb_column type=\u00a0\u00bb4_4&Prime; _builder_version=\u00a0\u00bb4.0.7&Prime;][et_pb_text content_tablet=\u00a0\u00bb<\/p>\n<h3 style=%22text-align: center;%22>Allevamento<\/h3>\n<p style=%22text-align: center;%22>Gli alimenti della %22linea allevamento%22 di Morando sono studiati per soddisfare le esigenze della fattrice e del puledro dalla gestazione fino allo svezzamento completo e per tutto il periodo della crescita. Un giusto apporto nutrizionale per la fattrice nelle fasi della gravidanza e dell\u2019allattamento e la scelta di giusti alimenti nelle successive fasi di vita del puledro garantiscono la crescita di soggetti sani e vitali che svilupperanno uno scheletro robusto, arti perfetti e masse muscolari possenti ed armoniche.<\/p>\n<p>\u00a0\u00bb content_phone=\u00a0\u00bb<\/p>\n<h3 style=%22text-align: center;%22>Allevamento<\/h3>\n<p style=%22text-align: center;%22>Gli alimenti della %22linea allevamento%22 di Morando sono studiati per soddisfare le esigenze della fattrice e del puledro dalla gestazione fino allo svezzamento completo e per tutto il periodo della crescita. Un giusto apporto nutrizionale per la fattrice nelle fasi della gravidanza e dell\u2019allattamento e la scelta di giusti alimenti nelle successive fasi di vita del puledro garantiscono la crescita di soggetti sani e vitali che svilupperanno uno scheletro robusto, arti perfetti e masse muscolari possenti ed armoniche.<\/p>\n<p>\u00a0\u00bb content_last_edited=\u00a0\u00bbon|phone\u00a0\u00bb _builder_version=\u00a0\u00bb4.4.5&Prime; text_text_color=\u00a0\u00bb#ffffff\u00a0\u00bb text_font_size=\u00a0\u00bb16px\u00a0\u00bb header_3_text_color=\u00a0\u00bb#ffffff\u00a0\u00bb width=\u00a0\u00bb92%\u00a0\u00bb custom_margin=\u00a0\u00bb20px||||false|false\u00a0\u00bb module_alignment_tablet=\u00a0\u00bbcenter\u00a0\u00bb module_alignment_phone=\u00a0\u00bbcenter\u00a0\u00bb module_alignment_last_edited=\u00a0\u00bbon|phone\u00a0\u00bb]<\/p>\n<h3>Breeding line<\/h3>\n<p>The Morando \u00ab\u00a0breeding range\u00a0\u00bb feeds have been designed to meet the nutritional needs of mares and foals from gestation through to complete weaning and for the entire period of growth. A correct nutritional intake for mares during pregnancy and nursing and correct feeding in the subsequent life stages of foals guarantee that they will grow to be healthy with strong skeletal development, perfect limbs and powerful, perfectly defined muscle mass.[\/et_pb_text][\/et_pb_column][\/et_pb_row][\/et_pb_section][et_pb_section fb_built=\u00a0\u00bb1&Prime; _builder_version=\u00a0\u00bb4.0.6&Prime; locked=\u00a0\u00bboff\u00a0\u00bb][et_pb_row column_structure=\u00a0\u00bb1_4,1_4,1_4,1_4&Prime; _builder_version=\u00a0\u00bb4.0.6&Prime;][et_pb_column type=\u00a0\u00bb1_4&Prime; _builder_version=\u00a0\u00bb4.0.6&Prime;][et_pb_menu menu_id=\u00a0\u00bb102&Prime; module_class=\u00a0\u00bbmenuLaterale\u00a0\u00bb _builder_version=\u00a0\u00bb4.4.8&Prime;][\/et_pb_menu][\/et_pb_column][et_pb_column type=\u00a0\u00bb1_4&Prime; _builder_version=\u00a0\u00bb4.0.6&Prime;][et_pb_code _builder_version=\u00a0\u00bb4.6.0&Prime; text_orientation=\u00a0\u00bbcenter\u00a0\u00bb locked=\u00a0\u00bboff\u00a0\u00bb]<a target=\"_blank\" href=\"https:\/\/www.morando.it\/wp-content\/uploads\/2020\/05\/PULEDRI_ENG.pdf\" rel=\"noopener noreferrer\"><!-- [et_pb_line_break_holder] -->    <img loading=\"lazy\" decoding=\"async\" src=\"https:\/\/www.morando.it\/wp-content\/uploads\/2020\/06\/puledriFattrici.jpg\" alt=\"\" class=\"\" width=\"800\" height=\"800\"><!-- [et_pb_line_break_holder] -->    <\/p>\n<h6>FOALS<\/h6>\n<p><!-- [et_pb_line_break_holder] -->\t  <span>Sac 25 kg<\/span><!-- [et_pb_line_break_holder] --><\/a>[\/et_pb_code][et_pb_code _builder_version=\u00a0\u00bb4.6.0&Prime; text_orientation=\u00a0\u00bbcenter\u00a0\u00bb locked=\u00a0\u00bboff\u00a0\u00bb]<a target=\"_blank\" href=\"https:\/\/www.morando.it\/wp-content\/uploads\/2020\/05\/PLURIFIOC-98_ENG.pdf\" rel=\"noopener noreferrer\"><!-- [et_pb_line_break_holder] -->    <img loading=\"lazy\" decoding=\"async\" src=\"https:\/\/www.morando.it\/wp-content\/uploads\/2020\/06\/pluriFioc98.jpg\" alt=\"\" class=\"\" width=\"800\" height=\"800\"><!-- [et_pb_line_break_holder] -->    <\/p>\n<h6>PLURIFIOC 98<\/h6>\n<p><!-- [et_pb_line_break_holder] -->\t  <span>Sac 25 kg<\/span><!-- [et_pb_line_break_holder] --><\/a>[\/et_pb_code][\/et_pb_column][et_pb_column type=\u00a0\u00bb1_4&Prime; _builder_version=\u00a0\u00bb4.0.6&Prime;][et_pb_code _builder_version=\u00a0\u00bb4.6.0&Prime; text_orientation=\u00a0\u00bbcenter\u00a0\u00bb locked=\u00a0\u00bboff\u00a0\u00bb]<a target=\"_blank\" href=\"https:\/\/www.morando.it\/wp-content\/uploads\/2020\/05\/FATTRICI_ENG.pdf\" rel=\"noopener noreferrer\"><!-- [et_pb_line_break_holder] -->    <img loading=\"lazy\" decoding=\"async\" src=\"https:\/\/www.morando.it\/wp-content\/uploads\/2020\/06\/puledriFattrici.jpg\" alt=\"\" class=\"\" width=\"800\" height=\"800\"><!-- [et_pb_line_break_holder] -->    <\/p>\n<h6>BLOOD MARES<\/h6>\n<p><!-- [et_pb_line_break_holder] -->\t  <span>Sac 25 kg<\/span><!-- [et_pb_line_break_holder] --><\/a>[\/et_pb_code][et_pb_code _builder_version=\u00a0\u00bb4.6.0&Prime; text_orientation=\u00a0\u00bbcenter\u00a0\u00bb locked=\u00a0\u00bboff\u00a0\u00bb]<a target=\"_blank\" href=\"https:\/\/www.morando.it\/wp-content\/uploads\/2020\/05\/AVENA-FRANCESE_ENG.pdf\" rel=\"noopener noreferrer\"><!-- [et_pb_line_break_holder] -->    <img loading=\"lazy\" decoding=\"async\" src=\"https:\/\/www.morando.it\/wp-content\/uploads\/2020\/06\/avenaFrancese.jpg\" alt=\"\" class=\"\" width=\"800\" height=\"800\"><!-- [et_pb_line_break_holder] -->    <\/p>\n<h6>FRENCH BLACK OATS<\/h6>\n<p><!-- [et_pb_line_break_holder] -->\t  <span>Sac 25 kg<\/span><!-- [et_pb_line_break_holder] --><\/a>[\/et_pb_code][\/et_pb_column][et_pb_column type=\u00a0\u00bb1_4&Prime; _builder_version=\u00a0\u00bb4.0.6&Prime;][et_pb_code _builder_version=\u00a0\u00bb4.6.0&Prime; text_orientation=\u00a0\u00bbcenter\u00a0\u00bb locked=\u00a0\u00bboff\u00a0\u00bb]<a target=\"_blank\" href=\"https:\/\/www.morando.it\/wp-content\/uploads\/2020\/05\/EQUI-PRO-18_ENG.pdf\" rel=\"noopener noreferrer\"><!-- [et_pb_line_break_holder] -->    <img loading=\"lazy\" decoding=\"async\" src=\"https:\/\/www.morando.it\/wp-content\/uploads\/2020\/06\/equiPro18.jpg\" alt=\"\" class=\"\" width=\"800\" height=\"800\"><!-- [et_pb_line_break_holder] -->    <\/p>\n<h6>EQUI-PRO 18<\/h6>\n<p><!-- [et_pb_line_break_holder] -->\t  <span>Sac 25 kg<\/span><!-- [et_pb_line_break_holder] --><\/a>[\/et_pb_code][et_pb_code _builder_version=\u00a0\u00bb4.6.0&Prime; text_orientation=\u00a0\u00bbcenter\u00a0\u00bb hover_enabled=\u00a0\u00bb0&Prime; locked=\u00a0\u00bboff\u00a0\u00bb sticky_enabled=\u00a0\u00bb0&Prime;]<a target=\"_blank\" href=\"https:\/\/www.morando.it\/wp-content\/uploads\/2020\/05\/PASTONE-PRECOTTO_ENG.pdf\" rel=\"noopener noreferrer\"><!-- [et_pb_line_break_holder] -->    <img loading=\"lazy\" decoding=\"async\" src=\"https:\/\/www.morando.it\/wp-content\/uploads\/2020\/06\/pastonePrecotto.jpg\" alt=\"\" class=\"\" width=\"800\" height=\"800\"><!-- [et_pb_line_break_holder] -->    <\/p>\n<h6>PRE-COOKED MASH<\/h6>\n<p><!-- [et_pb_line_break_holder] -->\t  <span>Sac 25 kg<\/span><!-- [et_pb_line_break_holder] --><\/a>[\/et_pb_code][\/et_pb_column][\/et_pb_row][\/et_pb_section]<\/p>\n","protected":false},"excerpt":{"rendered":"<p>Ligne elevage Les aliments de la \u00ab\u00a0lign\u00e9 elevage\u00a0\u00bb de Morando sont con\u00e7us pour r\u00e9pondre aux besoins de la jument et du poulain, de la gestation au sevrage complet et tout au long de la p\u00e9riode de croissance. Un apport nutritionnel correct pour la jument pendant la grossesse et l&rsquo;allaitement et le choix des bons aliments [&hellip;]<\/p>\n","protected":false},"author":2,"featured_media":0,"parent":6595,"menu_order":0,"comment_status":"closed","ping_status":"closed","template":"","meta":{"_acf_changed":false,"_et_pb_use_builder":"on","_et_pb_old_content":"","_et_gb_content_width":"","footnotes":""},"class_list":["post-6739","page","type-page","status-publish","hentry"],"acf":[],"yoast_head":"<!-- This site is optimized with the Yoast SEO plugin v27.4 - https:\/\/yoast.com\/product\/yoast-seo-wordpress\/ -->\n<title>Allevamento - Morando<\/title>\n<meta name=\"robots\" content=\"index, follow, max-snippet:-1, max-image-preview:large, max-video-preview:-1\" \/>\n<link rel=\"canonical\" href=\"https:\/\/www.morando.it\/fr\/linee-per-cavalli\/allevamento\/\" \/>\n<meta property=\"og:locale\" content=\"fr_FR\" \/>\n<meta property=\"og:type\" content=\"article\" \/>\n<meta property=\"og:title\" content=\"Allevamento - Morando\" \/>\n<meta property=\"og:description\" content=\"Ligne elevage Les aliments de la &quot;lign\u00e9 elevage&quot; de Morando sont con\u00e7us pour r\u00e9pondre aux besoins de la jument et du poulain, de la gestation au sevrage complet et tout au long de la p\u00e9riode de croissance. Un apport nutritionnel correct pour la jument pendant la grossesse et l&#039;allaitement et le choix des bons aliments [&hellip;]\" \/>\n<meta property=\"og:url\" content=\"https:\/\/www.morando.it\/fr\/linee-per-cavalli\/allevamento\/\" \/>\n<meta property=\"og:site_name\" content=\"Morando\" \/>\n<meta property=\"article:publisher\" content=\"https:\/\/www.facebook.com\/morandopetfood\" \/>\n<meta property=\"article:modified_time\" content=\"2020-09-03T15:24:16+00:00\" \/>\n<meta property=\"og:image\" content=\"https:\/\/www.morando.it\/wp-content\/uploads\/2020\/06\/puledriFattrici.jpg\" \/>\n<meta name=\"twitter:card\" content=\"summary_large_image\" \/>\n<meta name=\"twitter:label1\" content=\"Dur\u00e9e de lecture estim\u00e9e\" \/>\n\t<meta name=\"twitter:data1\" content=\"5 minutes\" \/>\n<script type=\"application\/ld+json\" class=\"yoast-schema-graph\">{\"@context\":\"https:\\\/\\\/schema.org\",\"@graph\":[{\"@type\":\"WebPage\",\"@id\":\"https:\\\/\\\/www.morando.it\\\/fr\\\/linee-per-cavalli\\\/allevamento\\\/\",\"url\":\"https:\\\/\\\/www.morando.it\\\/fr\\\/linee-per-cavalli\\\/allevamento\\\/\",\"name\":\"Allevamento - Morando\",\"isPartOf\":{\"@id\":\"https:\\\/\\\/www.morando.it\\\/#website\"},\"primaryImageOfPage\":{\"@id\":\"https:\\\/\\\/www.morando.it\\\/fr\\\/linee-per-cavalli\\\/allevamento\\\/#primaryimage\"},\"image\":{\"@id\":\"https:\\\/\\\/www.morando.it\\\/fr\\\/linee-per-cavalli\\\/allevamento\\\/#primaryimage\"},\"thumbnailUrl\":\"https:\\\/\\\/www.morando.it\\\/wp-content\\\/uploads\\\/2020\\\/06\\\/puledriFattrici.jpg\",\"datePublished\":\"2019-11-19T12:36:39+00:00\",\"dateModified\":\"2020-09-03T15:24:16+00:00\",\"breadcrumb\":{\"@id\":\"https:\\\/\\\/www.morando.it\\\/fr\\\/linee-per-cavalli\\\/allevamento\\\/#breadcrumb\"},\"inLanguage\":\"fr-FR\",\"potentialAction\":[{\"@type\":\"ReadAction\",\"target\":[\"https:\\\/\\\/www.morando.it\\\/fr\\\/linee-per-cavalli\\\/allevamento\\\/\"]}]},{\"@type\":\"ImageObject\",\"inLanguage\":\"fr-FR\",\"@id\":\"https:\\\/\\\/www.morando.it\\\/fr\\\/linee-per-cavalli\\\/allevamento\\\/#primaryimage\",\"url\":\"https:\\\/\\\/www.morando.it\\\/wp-content\\\/uploads\\\/2020\\\/06\\\/puledriFattrici.jpg\",\"contentUrl\":\"https:\\\/\\\/www.morando.it\\\/wp-content\\\/uploads\\\/2020\\\/06\\\/puledriFattrici.jpg\"},{\"@type\":\"BreadcrumbList\",\"@id\":\"https:\\\/\\\/www.morando.it\\\/fr\\\/linee-per-cavalli\\\/allevamento\\\/#breadcrumb\",\"itemListElement\":[{\"@type\":\"ListItem\",\"position\":1,\"name\":\"Home\",\"item\":\"https:\\\/\\\/www.morando.it\\\/fr\\\/\"},{\"@type\":\"ListItem\",\"position\":2,\"name\":\"Linee per Cavalli\",\"item\":\"https:\\\/\\\/www.morando.it\\\/fr\\\/linee-per-cavalli\\\/\"},{\"@type\":\"ListItem\",\"position\":3,\"name\":\"Allevamento\"}]},{\"@type\":\"WebSite\",\"@id\":\"https:\\\/\\\/www.morando.it\\\/#website\",\"url\":\"https:\\\/\\\/www.morando.it\\\/\",\"name\":\"Morando\",\"description\":\"La storia del pet food in Italia\",\"publisher\":{\"@id\":\"https:\\\/\\\/www.morando.it\\\/#organization\"},\"potentialAction\":[{\"@type\":\"SearchAction\",\"target\":{\"@type\":\"EntryPoint\",\"urlTemplate\":\"https:\\\/\\\/www.morando.it\\\/?s={search_term_string}\"},\"query-input\":{\"@type\":\"PropertyValueSpecification\",\"valueRequired\":true,\"valueName\":\"search_term_string\"}}],\"inLanguage\":\"fr-FR\"},{\"@type\":\"Organization\",\"@id\":\"https:\\\/\\\/www.morando.it\\\/#organization\",\"name\":\"MORANDO\",\"url\":\"https:\\\/\\\/www.morando.it\\\/\",\"logo\":{\"@type\":\"ImageObject\",\"inLanguage\":\"fr-FR\",\"@id\":\"https:\\\/\\\/www.morando.it\\\/#\\\/schema\\\/logo\\\/image\\\/\",\"url\":\"https:\\\/\\\/www.morando.it\\\/wp-content\\\/uploads\\\/2018\\\/04\\\/logoMorando.png\",\"contentUrl\":\"https:\\\/\\\/www.morando.it\\\/wp-content\\\/uploads\\\/2018\\\/04\\\/logoMorando.png\",\"width\":290,\"height\":88,\"caption\":\"MORANDO\"},\"image\":{\"@id\":\"https:\\\/\\\/www.morando.it\\\/#\\\/schema\\\/logo\\\/image\\\/\"},\"sameAs\":[\"https:\\\/\\\/www.facebook.com\\\/morandopetfood\",\"https:\\\/\\\/www.youtube.com\\\/user\\\/morandotv\"]}]}<\/script>\n<!-- \/ Yoast SEO plugin. -->","yoast_head_json":{"title":"Allevamento - Morando","robots":{"index":"index","follow":"follow","max-snippet":"max-snippet:-1","max-image-preview":"max-image-preview:large","max-video-preview":"max-video-preview:-1"},"canonical":"https:\/\/www.morando.it\/fr\/linee-per-cavalli\/allevamento\/","og_locale":"fr_FR","og_type":"article","og_title":"Allevamento - Morando","og_description":"Ligne elevage Les aliments de la \"lign\u00e9 elevage\" de Morando sont con\u00e7us pour r\u00e9pondre aux besoins de la jument et du poulain, de la gestation au sevrage complet et tout au long de la p\u00e9riode de croissance. Un apport nutritionnel correct pour la jument pendant la grossesse et l'allaitement et le choix des bons aliments [&hellip;]","og_url":"https:\/\/www.morando.it\/fr\/linee-per-cavalli\/allevamento\/","og_site_name":"Morando","article_publisher":"https:\/\/www.facebook.com\/morandopetfood","article_modified_time":"2020-09-03T15:24:16+00:00","og_image":[{"url":"https:\/\/www.morando.it\/wp-content\/uploads\/2020\/06\/puledriFattrici.jpg","type":"","width":"","height":""}],"twitter_card":"summary_large_image","twitter_misc":{"Dur\u00e9e de lecture estim\u00e9e":"5 minutes"},"schema":{"@context":"https:\/\/schema.org","@graph":[{"@type":"WebPage","@id":"https:\/\/www.morando.it\/fr\/linee-per-cavalli\/allevamento\/","url":"https:\/\/www.morando.it\/fr\/linee-per-cavalli\/allevamento\/","name":"Allevamento - Morando","isPartOf":{"@id":"https:\/\/www.morando.it\/#website"},"primaryImageOfPage":{"@id":"https:\/\/www.morando.it\/fr\/linee-per-cavalli\/allevamento\/#primaryimage"},"image":{"@id":"https:\/\/www.morando.it\/fr\/linee-per-cavalli\/allevamento\/#primaryimage"},"thumbnailUrl":"https:\/\/www.morando.it\/wp-content\/uploads\/2020\/06\/puledriFattrici.jpg","datePublished":"2019-11-19T12:36:39+00:00","dateModified":"2020-09-03T15:24:16+00:00","breadcrumb":{"@id":"https:\/\/www.morando.it\/fr\/linee-per-cavalli\/allevamento\/#breadcrumb"},"inLanguage":"fr-FR","potentialAction":[{"@type":"ReadAction","target":["https:\/\/www.morando.it\/fr\/linee-per-cavalli\/allevamento\/"]}]},{"@type":"ImageObject","inLanguage":"fr-FR","@id":"https:\/\/www.morando.it\/fr\/linee-per-cavalli\/allevamento\/#primaryimage","url":"https:\/\/www.morando.it\/wp-content\/uploads\/2020\/06\/puledriFattrici.jpg","contentUrl":"https:\/\/www.morando.it\/wp-content\/uploads\/2020\/06\/puledriFattrici.jpg"},{"@type":"BreadcrumbList","@id":"https:\/\/www.morando.it\/fr\/linee-per-cavalli\/allevamento\/#breadcrumb","itemListElement":[{"@type":"ListItem","position":1,"name":"Home","item":"https:\/\/www.morando.it\/fr\/"},{"@type":"ListItem","position":2,"name":"Linee per Cavalli","item":"https:\/\/www.morando.it\/fr\/linee-per-cavalli\/"},{"@type":"ListItem","position":3,"name":"Allevamento"}]},{"@type":"WebSite","@id":"https:\/\/www.morando.it\/#website","url":"https:\/\/www.morando.it\/","name":"Morando","description":"La storia del pet food in Italia","publisher":{"@id":"https:\/\/www.morando.it\/#organization"},"potentialAction":[{"@type":"SearchAction","target":{"@type":"EntryPoint","urlTemplate":"https:\/\/www.morando.it\/?s={search_term_string}"},"query-input":{"@type":"PropertyValueSpecification","valueRequired":true,"valueName":"search_term_string"}}],"inLanguage":"fr-FR"},{"@type":"Organization","@id":"https:\/\/www.morando.it\/#organization","name":"MORANDO","url":"https:\/\/www.morando.it\/","logo":{"@type":"ImageObject","inLanguage":"fr-FR","@id":"https:\/\/www.morando.it\/#\/schema\/logo\/image\/","url":"https:\/\/www.morando.it\/wp-content\/uploads\/2018\/04\/logoMorando.png","contentUrl":"https:\/\/www.morando.it\/wp-content\/uploads\/2018\/04\/logoMorando.png","width":290,"height":88,"caption":"MORANDO"},"image":{"@id":"https:\/\/www.morando.it\/#\/schema\/logo\/image\/"},"sameAs":["https:\/\/www.facebook.com\/morandopetfood","https:\/\/www.youtube.com\/user\/morandotv"]}]}},"_links":{"self":[{"href":"https:\/\/www.morando.it\/fr\/wp-json\/wp\/v2\/pages\/6739","targetHints":{"allow":["GET"]}}],"collection":[{"href":"https:\/\/www.morando.it\/fr\/wp-json\/wp\/v2\/pages"}],"about":[{"href":"https:\/\/www.morando.it\/fr\/wp-json\/wp\/v2\/types\/page"}],"author":[{"embeddable":true,"href":"https:\/\/www.morando.it\/fr\/wp-json\/wp\/v2\/users\/2"}],"replies":[{"embeddable":true,"href":"https:\/\/www.morando.it\/fr\/wp-json\/wp\/v2\/comments?post=6739"}],"version-history":[{"count":3,"href":"https:\/\/www.morando.it\/fr\/wp-json\/wp\/v2\/pages\/6739\/revisions"}],"predecessor-version":[{"id":11986,"href":"https:\/\/www.morando.it\/fr\/wp-json\/wp\/v2\/pages\/6739\/revisions\/11986"}],"up":[{"embeddable":true,"href":"https:\/\/www.morando.it\/fr\/wp-json\/wp\/v2\/pages\/6595"}],"wp:attachment":[{"href":"https:\/\/www.morando.it\/fr\/wp-json\/wp\/v2\/media?parent=6739"}],"curies":[{"name":"wp","href":"https:\/\/api.w.org\/{rel}","templated":true}]}}