{"id":19908,"date":"2019-06-03T08:00:52","date_gmt":"2019-06-03T08:00:52","guid":{"rendered":"https:\/\/www.morando.it\/per-le-aziende\/"},"modified":"2024-03-13T18:22:56","modified_gmt":"2024-03-13T18:22:56","slug":"uzlet","status":"publish","type":"page","link":"https:\/\/www.morando.it\/hu\/uzlet\/","title":{"rendered":"\u00dczlet"},"content":{"rendered":"<p>[et_pb_section fb_built=&#8221;1&#8243; _builder_version=&#8221;4.16&#8243; global_colors_info=&#8221;{}&#8221;][et_pb_row column_structure=&#8221;1_2,1_2&#8243; _builder_version=&#8221;4.16&#8243; global_colors_info=&#8221;{}&#8221;][et_pb_column type=&#8221;1_2&#8243; _builder_version=&#8221;4.16&#8243; global_colors_info=&#8221;{}&#8221;][et_pb_text admin_label=&#8221;Stabilimenti&#8221; _builder_version=&#8221;4.24.2&#8243; hover_enabled=&#8221;0&#8243; z_index_tablet=&#8221;500&#8243; global_colors_info=&#8221;{}&#8221; sticky_enabled=&#8221;0&#8243;]<\/p>\n<h2>Gy\u00e1rt\u00e1si helyeink<\/h2>\n<p>K\u00e9t modern gy\u00e1rt\u00f3\u00fczem\u00fcnk van, amelyek t\u00f6bb mint 90 ezer m2-en ter\u00fclnek el Andezen\u00f3ban \u00e9s Molfett\u00e1ban, ahol a legfejlettebb technol\u00f3gi\u00e1t alkalmazzuk a legmodernebb gy\u00e1rt\u00e1si folyamathoz, amely minden l\u00e9p\u00e9sben szisztematikus min\u0151s\u00e9gellen\u0151rz\u00e9st tartalmaz. A jelent\u0151s \u00e9s folyamatos beruh\u00e1z\u00e1sok lehet\u0151v\u00e9 tett\u00e9k sz\u00e1munkra, hogy vezet\u0151 szerepet t\u00f6lts\u00fcnk be az olasz piacon \u00e9s k\u00fclf\u00f6ld\u00f6n egyar\u00e1nt.<\/p>\n<p>[\/et_pb_text][\/et_pb_column][et_pb_column type=&#8221;1_2&#8243; _builder_version=&#8221;4.16&#8243; global_colors_info=&#8221;{}&#8221;][et_pb_code _builder_version=&#8221;4.24.2&#8243; hover_enabled=&#8221;0&#8243; global_colors_info=&#8221;{}&#8221; sticky_enabled=&#8221;0&#8243;]<\/p>\n<table><!-- [et_pb_line_break_holder] -->  <\/p>\n<tr><!-- [et_pb_line_break_holder] -->  <\/p>\n<td>\n<h5>Andezeno production output<\/h5>\n<\/td>\n<p><!-- [et_pb_line_break_holder] -->  <\/p>\n<td>\n<h5>Molfetta production output<\/h5>\n<\/td>\n<p> <!-- [et_pb_line_break_holder] -->  <\/tr>\n<p><!-- [et_pb_line_break_holder] -->  <\/p>\n<tr><!-- [et_pb_line_break_holder] -->  <\/p>\n<td>Dry food: over 100,000 tons\/year <!-- [et_pb_line_break_holder] --><\/td>\n<p><!-- [et_pb_line_break_holder] -->  <\/p>\n<td>Wet food: over 140,000 tons\/year <!-- [et_pb_line_break_holder] --><\/td>\n<p> <!-- [et_pb_line_break_holder] -->  <\/tr>\n<p><!-- [et_pb_line_break_holder] -->  <\/p>\n<tr><!-- [et_pb_line_break_holder] -->  <\/p>\n<td><\/td>\n<p><!-- [et_pb_line_break_holder] -->  <\/p>\n<td>Tins: 250,000,000 tins\/year <!-- [et_pb_line_break_holder] --><\/td>\n<p><!-- [et_pb_line_break_holder] -->  <\/tr>\n<p><!-- [et_pb_line_break_holder] -->  <\/p>\n<tr><!-- [et_pb_line_break_holder] -->  <\/p>\n<td><\/td>\n<p><!-- [et_pb_line_break_holder] -->  <\/p>\n<td>Trays: 70,000,000 trays\/year <\/td>\n<p><!-- [et_pb_line_break_holder] -->  <\/tr>\n<p><!-- [et_pb_line_break_holder] -->  <\/p>\n<tr><!-- [et_pb_line_break_holder] -->  <\/p>\n<td><\/td>\n<p><!-- [et_pb_line_break_holder] -->  <\/p>\n<td>Pouches: 60,000,000 pouches\/year <!-- [et_pb_line_break_holder] --><\/td>\n<p><!-- [et_pb_line_break_holder] -->  <\/tr>\n<p><!-- [et_pb_line_break_holder] -->  <\/p>\n<tr><!-- [et_pb_line_break_holder] -->  <\/p>\n<td colspan=\"2\">\n<h5>Supply chain<\/h5>\n<\/td>\n<p><!-- [et_pb_line_break_holder] -->  <\/tr>\n<p><!-- [et_pb_line_break_holder] -->  <\/p>\n<tr><!-- [et_pb_line_break_holder] -->  <\/p>\n<td colspan=\"2\">\u00d6t disztrib\u00faci\u00f3s platform a h\u00e1l\u00f3zatos jelenl\u00e9thez Olaszorsz\u00e1gban.<\/td>\n<p><!-- [et_pb_line_break_holder] -->  <\/tr>\n<p><!-- [et_pb_line_break_holder] --><\/table>\n<p><!-- [et_pb_line_break_holder] --><!-- [et_pb_line_break_holder] --><!-- [et_pb_line_break_holder] --> [\/et_pb_code][\/et_pb_column][\/et_pb_row][et_pb_row column_structure=&#8221;1_2,1_2&#8243; _builder_version=&#8221;4.16&#8243; global_colors_info=&#8221;{}&#8221;][et_pb_column type=&#8221;1_2&#8243; _builder_version=&#8221;4.16&#8243; global_colors_info=&#8221;{}&#8221;][et_pb_blurb title=&#8221;Andezeno (To)&#8221; image=&#8221;https:\/\/www.morando.it\/wp-content\/uploads\/2019\/10\/stabilimento_Andezeno-new.jpg&#8221; admin_label=&#8221;Andezeno&#8221; module_class=&#8221;blurbStabilimento&#8221; _builder_version=&#8221;4.16&#8243; animation=&#8221;off&#8221; hover_enabled=&#8221;0&#8243; z_index_tablet=&#8221;500&#8243; global_colors_info=&#8221;{}&#8221; sticky_enabled=&#8221;0&#8243;][\/et_pb_blurb][\/et_pb_column][et_pb_column type=&#8221;1_2&#8243; _builder_version=&#8221;4.16&#8243; global_colors_info=&#8221;{}&#8221;][et_pb_blurb title=&#8221;Molfetta (Ba)&#8221; image=&#8221;https:\/\/www.morando.it\/wp-content\/uploads\/2019\/09\/stabilimento_Molfetta.jpg&#8221; admin_label=&#8221;Molfetta&#8221; module_class=&#8221;blurbStabilimento&#8221; _builder_version=&#8221;4.16&#8243; animation=&#8221;off&#8221; z_index_tablet=&#8221;500&#8243; global_colors_info=&#8221;{}&#8221;][\/et_pb_blurb][\/et_pb_column][\/et_pb_row][\/et_pb_section][et_pb_section fb_built=&#8221;1&#8243; fullwidth=&#8221;on&#8221; disabled_on=&#8221;on|on|on&#8221; _builder_version=&#8221;4.16&#8243; disabled=&#8221;on&#8221; global_colors_info=&#8221;{}&#8221;][et_pb_fullwidth_map address=&#8221;52100 Arezzo AR, Italia&#8221; zoom_level=&#8221;6&#8243; address_lat=&#8221;43.4632839&#8243; address_lng=&#8221;11.8796336&#8243; mouse_wheel=&#8221;off&#8221; mobile_dragging=&#8221;off&#8221; _builder_version=&#8221;4.16&#8243; global_colors_info=&#8221;{}&#8221; child_filter_hue_rotate__hover_enabled=&#8221;off|desktop&#8221;][et_pb_map_pin title=&#8221;Molfetta&#8221; pin_address=&#8221;70056 Molfetta BA, Italia&#8221; pin_address_lat=&#8221;41.2027767&#8243; pin_address_lng=&#8221;16.5987187&#8243; _builder_version=&#8221;3.27.4&#8243; global_colors_info=&#8221;{}&#8221;][\/et_pb_map_pin][et_pb_map_pin title=&#8221;Andezeno&#8221; pin_address=&#8221;10020 Andezeno TO, Italia&#8221; pin_address_lat=&#8221;45.0367203&#8243; pin_address_lng=&#8221;7.8673918&#8243; _builder_version=&#8221;3.27.4&#8243; global_colors_info=&#8221;{}&#8221;][\/et_pb_map_pin][\/et_pb_fullwidth_map][\/et_pb_section][et_pb_section fb_built=&#8221;1&#8243; _builder_version=&#8221;4.16&#8243; background_color=&#8221;#d3d3d3&#8243; z_index_tablet=&#8221;500&#8243; global_colors_info=&#8221;{}&#8221;][et_pb_row column_structure=&#8221;2_3,1_3&#8243; _builder_version=&#8221;4.16&#8243; background_size=&#8221;initial&#8221; background_position=&#8221;top_left&#8221; background_repeat=&#8221;repeat&#8221; global_colors_info=&#8221;{}&#8221;][et_pb_column type=&#8221;2_3&#8243; _builder_version=&#8221;4.16&#8243; custom_padding=&#8221;|||&#8221; global_colors_info=&#8221;{}&#8221; custom_padding__hover=&#8221;|||&#8221;][et_pb_text admin_label=&#8221;Le nostre certificazioni&#8221; _builder_version=&#8221;4.24.2&#8243; hover_enabled=&#8221;0&#8243; z_index_tablet=&#8221;500&#8243; global_colors_info=&#8221;{}&#8221; sticky_enabled=&#8221;0&#8243;]<\/p>\n<h2 class=\"hr-after\">Tan\u00fas\u00edtv\u00e1nyaink<\/h2>\n<p>A Morando mindk\u00e9t gy\u00e1rt\u00f3\u00fczeme rendelkezik a nemzetk\u00f6zi \u00e9lelmiszer-min\u0151s\u00e9gi \u00e9s -biztons\u00e1gi szabv\u00e1nyoknak megfelel\u0151 tan\u00fas\u00edtv\u00e1nnyal. Konkr\u00e9tan mindk\u00e9t telephely megszerezte a legmagasabb fokozat\u00fa Nemzetk\u00f6zi \u00c9lelmiszer-szabv\u00e1ny (IFS) tan\u00fas\u00edtv\u00e1nyt. Ez az \u00e9lelmiszer-besz\u00e1ll\u00edt\u00f3k j\u00f3v\u00e1hagy\u00e1sa \u00e9s kiv\u00e1laszt\u00e1sa ter\u00e9n el\u00e9rt eredm\u00e9ny bizony\u00edtja elk\u00f6telezetts\u00e9g\u00fcnket az ir\u00e1nt, hogy \u00fcgyfeleinknek \u00e9s a fogyaszt\u00f3knak biztons\u00e1gos \u00e9s j\u00f3 min\u0151s\u00e9g\u0171 term\u00e9ket \u00e9s kiv\u00e1l\u00f3 szolg\u00e1ltat\u00e1st biztos\u00edtsunk. Ezenk\u00edv\u00fcl a Morando az egyik els\u0151 olaszorsz\u00e1gi v\u00e1llalat, amely megszerezte ezt a fontos \u00e1llateledel-tan\u00fas\u00edtv\u00e1nyt.[\/et_pb_text][\/et_pb_column][et_pb_column type=&#8221;1_3&#8243; _builder_version=&#8221;4.16&#8243; custom_padding=&#8221;|||&#8221; global_colors_info=&#8221;{}&#8221; custom_padding__hover=&#8221;|||&#8221;][et_pb_image src=&#8221;https:\/\/www.morando.it\/wp-content\/uploads\/2019\/09\/IFS_logo_01.jpg&#8221; align_tablet=&#8221;center&#8221; align_phone=&#8221;&#8221; align_last_edited=&#8221;on|desktop&#8221; _builder_version=&#8221;4.16&#8243; hover_enabled=&#8221;0&#8243; z_index_tablet=&#8221;500&#8243; global_colors_info=&#8221;{}&#8221; sticky_enabled=&#8221;0&#8243;][\/et_pb_image][\/et_pb_column][\/et_pb_row][\/et_pb_section][et_pb_section fb_built=&#8221;1&#8243; _builder_version=&#8221;4.16&#8243; global_colors_info=&#8221;{}&#8221;][et_pb_row column_structure=&#8221;1_2,1_2&#8243; _builder_version=&#8221;4.16&#8243; background_size=&#8221;initial&#8221; background_position=&#8221;top_left&#8221; background_repeat=&#8221;repeat&#8221; global_colors_info=&#8221;{}&#8221;][et_pb_column type=&#8221;1_2&#8243; _builder_version=&#8221;4.16&#8243; custom_padding=&#8221;|||&#8221; global_colors_info=&#8221;{}&#8221; custom_padding__hover=&#8221;|||&#8221;][et_pb_image src=&#8221;https:\/\/www.morando.it\/wp-content\/uploads\/2019\/03\/private-label.jpg&#8221; align_tablet=&#8221;center&#8221; align_phone=&#8221;&#8221; align_last_edited=&#8221;on|desktop&#8221; _builder_version=&#8221;4.16&#8243; animation_style=&#8221;slide&#8221; animation_direction=&#8221;left&#8221; animation_intensity_slide=&#8221;5%&#8221; hover_enabled=&#8221;0&#8243; z_index_tablet=&#8221;500&#8243; global_colors_info=&#8221;{}&#8221; sticky_enabled=&#8221;0&#8243;][\/et_pb_image][\/et_pb_column][et_pb_column type=&#8221;1_2&#8243; _builder_version=&#8221;4.16&#8243; custom_padding=&#8221;|||&#8221; global_colors_info=&#8221;{}&#8221; custom_padding__hover=&#8221;|||&#8221;][et_pb_text admin_label=&#8221;Private Label&#8221; _builder_version=&#8221;4.24.2&#8243; hover_enabled=&#8221;0&#8243; z_index_tablet=&#8221;500&#8243; global_colors_info=&#8221;{}&#8221; sticky_enabled=&#8221;0&#8243;]<\/p>\n<h2>Saj\u00e1t m\u00e1rka<\/h2>\n<p>K\u00e9pesek vagyunk k\u00f6z\u00f6s projekteket kidolgozni kis\u00e1llatok komplett takarm\u00e1nysorainak kialak\u00edt\u00e1s\u00e1ra. Kutat\u00e1si \u00e9s Fejleszt\u00e9si Oszt\u00e1lyunk know-how-j\u00e1t felhaszn\u00e1lva t\u00e1mogathatjuk a megrendel\u0151i ig\u00e9nyek szerint fel\u00e9p\u00edtett term\u00e9kvonal tervez\u00e9s\u00e9t, v\u00e1logatott, kiv\u00e1l\u00f3 min\u0151s\u00e9g\u0171 receptek \u00e9s alapanyagok felhaszn\u00e1l\u00e1s\u00e1val. Tapasztalatunkkal, \u00e9lvonalbeli technol\u00f3gi\u00e1nkkal \u00e9s gy\u00e1rt\u00f3egys\u00e9g\u00fcnk rugalmass\u00e1g\u00e1val olyan \u00e9teleket k\u00e9sz\u00edthet\u00fcnk, amelyek \u00e9tv\u00e1gygerjeszt\u0151ek \u00e9s t\u00f6k\u00e9letes egyens\u00falyt k\u00edn\u00e1lnak a kis\u00e1llatok ig\u00e9nyeinek kiel\u00e9g\u00edt\u00e9s\u00e9re \u00e9s vizu\u00e1lisan vonz\u00f3ak az \u00e1llattart\u00f3k sz\u00e1m\u00e1ra. A kereskedelmi csapattal val\u00f3 szoros egy\u00fcttm\u0171k\u00f6d\u00e9s lehet\u0151v\u00e9 teszi sz\u00e1munkra a vev\u0151i ig\u00e9nyek r\u00e9szletes meg\u00e9rt\u00e9s\u00e9t, a k\u00fcl\u00f6nb\u00f6z\u0151 piaci szegmensek trendjeinek alapos ismeret\u00e9t kombin\u00e1lva v\u00e1llalatunk k\u00e9pess\u00e9geivel.<\/p>\n<p>Tov\u00e1bbi inform\u00e1ci\u00f3:\u00a0<a href=\"mailto:export@morando.it\">export@morando.it<\/a><\/p>\n<p>[\/et_pb_text][\/et_pb_column][\/et_pb_row][\/et_pb_section]<\/p>\n","protected":false},"excerpt":{"rendered":"<p>Gy\u00e1rt\u00e1si helyeink K\u00e9t modern gy\u00e1rt\u00f3\u00fczem\u00fcnk van, amelyek t\u00f6bb mint 90 ezer m2-en ter\u00fclnek el Andezen\u00f3ban \u00e9s Molfett\u00e1ban, ahol a legfejlettebb technol\u00f3gi\u00e1t alkalmazzuk a legmodernebb gy\u00e1rt\u00e1si folyamathoz, amely minden l\u00e9p\u00e9sben szisztematikus min\u0151s\u00e9gellen\u0151rz\u00e9st tartalmaz. A jelent\u0151s \u00e9s folyamatos beruh\u00e1z\u00e1sok lehet\u0151v\u00e9 tett\u00e9k sz\u00e1munkra, hogy vezet\u0151 szerepet t\u00f6lts\u00fcnk be az olasz piacon \u00e9s k\u00fclf\u00f6ld\u00f6n egyar\u00e1nt.Tan\u00fas\u00edtv\u00e1nyaink A Morando mindk\u00e9t gy\u00e1rt\u00f3\u00fczeme [&hellip;]<\/p>\n","protected":false},"author":2,"featured_media":0,"parent":0,"menu_order":130,"comment_status":"closed","ping_status":"closed","template":"","meta":{"_acf_changed":false,"_et_pb_use_builder":"on","_et_pb_old_content":"","_et_gb_content_width":"","footnotes":""},"class_list":["post-19908","page","type-page","status-publish","hentry"],"acf":[],"yoast_head":"<!-- This site is optimized with the Yoast SEO plugin v27.5 - https:\/\/yoast.com\/product\/yoast-seo-wordpress\/ -->\n<title>\u00dczlet - Morando<\/title>\n<meta name=\"robots\" content=\"index, follow, max-snippet:-1, max-image-preview:large, max-video-preview:-1\" \/>\n<link rel=\"canonical\" href=\"https:\/\/www.morando.it\/hu\/uzlet\/\" \/>\n<meta property=\"og:locale\" content=\"hu_HU\" \/>\n<meta property=\"og:type\" content=\"article\" \/>\n<meta property=\"og:title\" content=\"\u00dczlet - Morando\" \/>\n<meta property=\"og:description\" content=\"Gy\u00e1rt\u00e1si helyeink K\u00e9t modern gy\u00e1rt\u00f3\u00fczem\u00fcnk van, amelyek t\u00f6bb mint 90 ezer m2-en ter\u00fclnek el Andezen\u00f3ban \u00e9s Molfett\u00e1ban, ahol a legfejlettebb technol\u00f3gi\u00e1t alkalmazzuk a legmodernebb gy\u00e1rt\u00e1si folyamathoz, amely minden l\u00e9p\u00e9sben szisztematikus min\u0151s\u00e9gellen\u0151rz\u00e9st tartalmaz. A jelent\u0151s \u00e9s folyamatos beruh\u00e1z\u00e1sok lehet\u0151v\u00e9 tett\u00e9k sz\u00e1munkra, hogy vezet\u0151 szerepet t\u00f6lts\u00fcnk be az olasz piacon \u00e9s k\u00fclf\u00f6ld\u00f6n egyar\u00e1nt.Tan\u00fas\u00edtv\u00e1nyaink A Morando mindk\u00e9t gy\u00e1rt\u00f3\u00fczeme [&hellip;]\" \/>\n<meta property=\"og:url\" content=\"https:\/\/www.morando.it\/hu\/uzlet\/\" \/>\n<meta property=\"og:site_name\" content=\"Morando\" \/>\n<meta property=\"article:publisher\" content=\"https:\/\/www.facebook.com\/morandopetfood\" \/>\n<meta property=\"article:modified_time\" content=\"2024-03-13T18:22:56+00:00\" \/>\n<meta property=\"og:image\" content=\"https:\/\/www.morando.it\/wp-content\/uploads\/2019\/12\/00-home.jpg\" \/>\n\t<meta property=\"og:image:width\" content=\"1200\" \/>\n\t<meta property=\"og:image:height\" content=\"630\" \/>\n\t<meta property=\"og:image:type\" content=\"image\/jpeg\" \/>\n<meta name=\"twitter:card\" content=\"summary_large_image\" \/>\n<meta name=\"twitter:label1\" content=\"Becs\u00fclt olvas\u00e1si id\u0151\" \/>\n\t<meta name=\"twitter:data1\" content=\"3 perc\" \/>\n<script type=\"application\/ld+json\" class=\"yoast-schema-graph\">{\"@context\":\"https:\\\/\\\/schema.org\",\"@graph\":[{\"@type\":\"WebPage\",\"@id\":\"https:\\\/\\\/www.morando.it\\\/hu\\\/uzlet\\\/\",\"url\":\"https:\\\/\\\/www.morando.it\\\/hu\\\/uzlet\\\/\",\"name\":\"\u00dczlet - Morando\",\"isPartOf\":{\"@id\":\"https:\\\/\\\/www.morando.it\\\/#website\"},\"datePublished\":\"2019-06-03T08:00:52+00:00\",\"dateModified\":\"2024-03-13T18:22:56+00:00\",\"breadcrumb\":{\"@id\":\"https:\\\/\\\/www.morando.it\\\/hu\\\/uzlet\\\/#breadcrumb\"},\"inLanguage\":\"hu\",\"potentialAction\":[{\"@type\":\"ReadAction\",\"target\":[\"https:\\\/\\\/www.morando.it\\\/hu\\\/uzlet\\\/\"]}]},{\"@type\":\"BreadcrumbList\",\"@id\":\"https:\\\/\\\/www.morando.it\\\/hu\\\/uzlet\\\/#breadcrumb\",\"itemListElement\":[{\"@type\":\"ListItem\",\"position\":1,\"name\":\"Home\",\"item\":\"https:\\\/\\\/www.morando.it\\\/hu\\\/\"},{\"@type\":\"ListItem\",\"position\":2,\"name\":\"\u00dczlet\"}]},{\"@type\":\"WebSite\",\"@id\":\"https:\\\/\\\/www.morando.it\\\/#website\",\"url\":\"https:\\\/\\\/www.morando.it\\\/\",\"name\":\"Morando\",\"description\":\"La storia del pet food in Italia\",\"publisher\":{\"@id\":\"https:\\\/\\\/www.morando.it\\\/#organization\"},\"potentialAction\":[{\"@type\":\"SearchAction\",\"target\":{\"@type\":\"EntryPoint\",\"urlTemplate\":\"https:\\\/\\\/www.morando.it\\\/?s={search_term_string}\"},\"query-input\":{\"@type\":\"PropertyValueSpecification\",\"valueRequired\":true,\"valueName\":\"search_term_string\"}}],\"inLanguage\":\"hu\"},{\"@type\":\"Organization\",\"@id\":\"https:\\\/\\\/www.morando.it\\\/#organization\",\"name\":\"MORANDO\",\"url\":\"https:\\\/\\\/www.morando.it\\\/\",\"logo\":{\"@type\":\"ImageObject\",\"inLanguage\":\"hu\",\"@id\":\"https:\\\/\\\/www.morando.it\\\/#\\\/schema\\\/logo\\\/image\\\/\",\"url\":\"https:\\\/\\\/www.morando.it\\\/wp-content\\\/uploads\\\/2018\\\/04\\\/logoMorando.png\",\"contentUrl\":\"https:\\\/\\\/www.morando.it\\\/wp-content\\\/uploads\\\/2018\\\/04\\\/logoMorando.png\",\"width\":290,\"height\":88,\"caption\":\"MORANDO\"},\"image\":{\"@id\":\"https:\\\/\\\/www.morando.it\\\/#\\\/schema\\\/logo\\\/image\\\/\"},\"sameAs\":[\"https:\\\/\\\/www.facebook.com\\\/morandopetfood\",\"https:\\\/\\\/www.youtube.com\\\/user\\\/morandotv\"]}]}<\/script>\n<!-- \/ Yoast SEO plugin. -->","yoast_head_json":{"title":"\u00dczlet - Morando","robots":{"index":"index","follow":"follow","max-snippet":"max-snippet:-1","max-image-preview":"max-image-preview:large","max-video-preview":"max-video-preview:-1"},"canonical":"https:\/\/www.morando.it\/hu\/uzlet\/","og_locale":"hu_HU","og_type":"article","og_title":"\u00dczlet - Morando","og_description":"Gy\u00e1rt\u00e1si helyeink K\u00e9t modern gy\u00e1rt\u00f3\u00fczem\u00fcnk van, amelyek t\u00f6bb mint 90 ezer m2-en ter\u00fclnek el Andezen\u00f3ban \u00e9s Molfett\u00e1ban, ahol a legfejlettebb technol\u00f3gi\u00e1t alkalmazzuk a legmodernebb gy\u00e1rt\u00e1si folyamathoz, amely minden l\u00e9p\u00e9sben szisztematikus min\u0151s\u00e9gellen\u0151rz\u00e9st tartalmaz. A jelent\u0151s \u00e9s folyamatos beruh\u00e1z\u00e1sok lehet\u0151v\u00e9 tett\u00e9k sz\u00e1munkra, hogy vezet\u0151 szerepet t\u00f6lts\u00fcnk be az olasz piacon \u00e9s k\u00fclf\u00f6ld\u00f6n egyar\u00e1nt.Tan\u00fas\u00edtv\u00e1nyaink A Morando mindk\u00e9t gy\u00e1rt\u00f3\u00fczeme [&hellip;]","og_url":"https:\/\/www.morando.it\/hu\/uzlet\/","og_site_name":"Morando","article_publisher":"https:\/\/www.facebook.com\/morandopetfood","article_modified_time":"2024-03-13T18:22:56+00:00","og_image":[{"width":1200,"height":630,"url":"https:\/\/www.morando.it\/wp-content\/uploads\/2019\/12\/00-home.jpg","type":"image\/jpeg"}],"twitter_card":"summary_large_image","twitter_misc":{"Becs\u00fclt olvas\u00e1si id\u0151":"3 perc"},"schema":{"@context":"https:\/\/schema.org","@graph":[{"@type":"WebPage","@id":"https:\/\/www.morando.it\/hu\/uzlet\/","url":"https:\/\/www.morando.it\/hu\/uzlet\/","name":"\u00dczlet - Morando","isPartOf":{"@id":"https:\/\/www.morando.it\/#website"},"datePublished":"2019-06-03T08:00:52+00:00","dateModified":"2024-03-13T18:22:56+00:00","breadcrumb":{"@id":"https:\/\/www.morando.it\/hu\/uzlet\/#breadcrumb"},"inLanguage":"hu","potentialAction":[{"@type":"ReadAction","target":["https:\/\/www.morando.it\/hu\/uzlet\/"]}]},{"@type":"BreadcrumbList","@id":"https:\/\/www.morando.it\/hu\/uzlet\/#breadcrumb","itemListElement":[{"@type":"ListItem","position":1,"name":"Home","item":"https:\/\/www.morando.it\/hu\/"},{"@type":"ListItem","position":2,"name":"\u00dczlet"}]},{"@type":"WebSite","@id":"https:\/\/www.morando.it\/#website","url":"https:\/\/www.morando.it\/","name":"Morando","description":"La storia del pet food in Italia","publisher":{"@id":"https:\/\/www.morando.it\/#organization"},"potentialAction":[{"@type":"SearchAction","target":{"@type":"EntryPoint","urlTemplate":"https:\/\/www.morando.it\/?s={search_term_string}"},"query-input":{"@type":"PropertyValueSpecification","valueRequired":true,"valueName":"search_term_string"}}],"inLanguage":"hu"},{"@type":"Organization","@id":"https:\/\/www.morando.it\/#organization","name":"MORANDO","url":"https:\/\/www.morando.it\/","logo":{"@type":"ImageObject","inLanguage":"hu","@id":"https:\/\/www.morando.it\/#\/schema\/logo\/image\/","url":"https:\/\/www.morando.it\/wp-content\/uploads\/2018\/04\/logoMorando.png","contentUrl":"https:\/\/www.morando.it\/wp-content\/uploads\/2018\/04\/logoMorando.png","width":290,"height":88,"caption":"MORANDO"},"image":{"@id":"https:\/\/www.morando.it\/#\/schema\/logo\/image\/"},"sameAs":["https:\/\/www.facebook.com\/morandopetfood","https:\/\/www.youtube.com\/user\/morandotv"]}]}},"_links":{"self":[{"href":"https:\/\/www.morando.it\/hu\/wp-json\/wp\/v2\/pages\/19908","targetHints":{"allow":["GET"]}}],"collection":[{"href":"https:\/\/www.morando.it\/hu\/wp-json\/wp\/v2\/pages"}],"about":[{"href":"https:\/\/www.morando.it\/hu\/wp-json\/wp\/v2\/types\/page"}],"author":[{"embeddable":true,"href":"https:\/\/www.morando.it\/hu\/wp-json\/wp\/v2\/users\/2"}],"replies":[{"embeddable":true,"href":"https:\/\/www.morando.it\/hu\/wp-json\/wp\/v2\/comments?post=19908"}],"version-history":[{"count":2,"href":"https:\/\/www.morando.it\/hu\/wp-json\/wp\/v2\/pages\/19908\/revisions"}],"predecessor-version":[{"id":19917,"href":"https:\/\/www.morando.it\/hu\/wp-json\/wp\/v2\/pages\/19908\/revisions\/19917"}],"wp:attachment":[{"href":"https:\/\/www.morando.it\/hu\/wp-json\/wp\/v2\/media?parent=19908"}],"curies":[{"name":"wp","href":"https:\/\/api.w.org\/{rel}","templated":true}]}}